{"id":8228,"date":"2025-07-20T22:51:08","date_gmt":"2025-07-20T19:51:08","guid":{"rendered":"https:\/\/berha.org\/en\/?post_type=product&#038;p=8228"},"modified":"2025-07-20T22:51:11","modified_gmt":"2025-07-20T19:51:11","slug":"echelon-flex-endopath-60mm-stapler","status":"publish","type":"product","link":"https:\/\/berha.org\/en\/urun\/echelon-flex-endopath-60mm-stapler\/","title":{"rendered":"ECHELON FLEX\u2122 ENDOPATH\u2122 60mm Stapler"},"content":{"rendered":"<p><strong>Ethicon ECHELON FLEX\u2122 60mm ENDOPATH\u2122 Stapler: Hassasiyet, Eri\u015fim ve Verimlilik<\/strong><\/p>\n<p>ECHELON FLEX\u2122 60mm, cerrahi prosed\u00fcrlerde \u00fcst\u00fcn eri\u015fim ve kontrol sa\u011flamak \u00fczere tasarlanm\u0131\u015f, tek elle artik\u00fclasyon \u00f6zelli\u011fine sahip endoskopik lineer kesicidir. Minimal invaziv operasyonlarda verimlili\u011fi ve g\u00fcvenli\u011fi art\u0131rmak i\u00e7in geli\u015ftirilmi\u015ftir.<\/p>\n<p><strong>Teknik \u00d6zellikler ve Avantajlar:<\/strong><\/p>\n<p>Tek Elle Kontrol: Do\u011fal artik\u00fclasyon mekanizmas\u0131, cerraha e\u015f zamanl\u0131 manevra ve ate\u015fleme kontrol\u00fc sa\u011flayarak kullan\u0131m kolayl\u0131\u011f\u0131 sunar.<\/p>\n<p>Geli\u015fmi\u015f Eri\u015fim: Dar ve zorlu anatomik b\u00f6lgelerde hassas yerle\u015fim i\u00e7in tasarlanm\u0131\u015f geni\u015f artik\u00fclasyon a\u00e7\u0131s\u0131.<\/p>\n<p>G\u00fcvenilir Kapatma: Kesim hatt\u0131n\u0131n her iki yan\u0131nda 3&#8217;erli olmak \u00fczere toplam 6 s\u0131ral\u0131 stapler hatt\u0131 ile art\u0131r\u0131lm\u0131\u015f hemostaz ve anastomoz g\u00fcvenli\u011fi.<\/p>\n<p>Sistem Uyumlulu\u011fu: T\u00fcm Ethicon ENDOPATH\u2122 Echelon 60mm Reload kartu\u015flar\u0131 (GST ve NXT serileri dahil) ile tam uyumludur.<\/p>\n<p>Prosed\u00fcrel Verimlilik: Tek bir cihazda hassas kesme ve g\u00fcvenli kapatma fonksiyonlar\u0131n\u0131 birle\u015ftirerek operasyonel ak\u0131\u015f\u0131 optimize eder.<\/p>\n","protected":false},"excerpt":{"rendered":"<p>ECHELON FLEX\u00ae ENDOPATH\u00ae 60 mm Stapler Modelleri:<\/p>\n<p>SC60A: 280 mm \u015eaft, Artik\u00fclasyonlu, 12 Ate\u015fleme<\/p>\n<p>EC60A: 340 mm \u015eaft, Artik\u00fclasyonlu, 12 Ate\u015fleme<\/p>\n<p>LONG60A: 440 mm \u015eaft, Artik\u00fclasyonlu, 12 Ate\u015fleme<\/p>\n","protected":false},"featured_media":7569,"template":"","meta":[],"product_brand":[1651],"product_cat":[1646,1676],"product_tag":[1677,1678,1679,1680,1681,1321,1682,1683,1684,1685,1686,1687,1688,1689,1690,1691,1692,1693,1694,1695,1696,1697],"class_list":{"0":"post-8228","1":"product","2":"type-product","3":"status-publish","4":"has-post-thumbnail","6":"product_brand-ethicon","7":"product_cat-ethicon-surgical","8":"product_cat-global-cerrahi-markalar","9":"product_tag-60mm-stapler","10":"product_tag-anastomoz-cihazi","11":"product_tag-artikulasyonlu-stapler","12":"product_tag-bariatrik-cerrahi-aletleri","13":"product_tag-cerrahi-malzemeler","14":"product_tag-cerrahi-stapler","15":"product_tag-cerrahi-stapler-distributoru","16":"product_tag-doku-kesici","17":"product_tag-ec60a","18":"product_tag-echelon-flex-60mm","19":"product_tag-echelon-kartus-uyumlulugu","20":"product_tag-endopath-stapler","21":"product_tag-endoskopik-lineer-kesici","22":"product_tag-ethicon-stapler","23":"product_tag-ethicon-stapler-fiyat","24":"product_tag-hemostaz","25":"product_tag-laparoskopik-stapler","26":"product_tag-long60a","27":"product_tag-minimal-invaziv-cerrahi","28":"product_tag-sc60a","29":"product_tag-stapler-kartusu","30":"product_tag-tek-elle-kullanim","32":"first","33":"instock","34":"shipping-taxable","35":"product-type-external"},"_links":{"self":[{"href":"https:\/\/berha.org\/en\/wp-json\/wp\/v2\/product\/8228","targetHints":{"allow":["GET"]}}],"collection":[{"href":"https:\/\/berha.org\/en\/wp-json\/wp\/v2\/product"}],"about":[{"href":"https:\/\/berha.org\/en\/wp-json\/wp\/v2\/types\/product"}],"wp:featuredmedia":[{"embeddable":true,"href":"https:\/\/berha.org\/en\/wp-json\/wp\/v2\/media\/7569"}],"wp:attachment":[{"href":"https:\/\/berha.org\/en\/wp-json\/wp\/v2\/media?parent=8228"}],"wp:term":[{"taxonomy":"product_brand","embeddable":true,"href":"https:\/\/berha.org\/en\/wp-json\/wp\/v2\/product_brand?post=8228"},{"taxonomy":"product_cat","embeddable":true,"href":"https:\/\/berha.org\/en\/wp-json\/wp\/v2\/product_cat?post=8228"},{"taxonomy":"product_tag","embeddable":true,"href":"https:\/\/berha.org\/en\/wp-json\/wp\/v2\/product_tag?post=8228"}],"curies":[{"name":"wp","href":"https:\/\/api.w.org\/{rel}","templated":true}]}}