{"id":8013,"date":"2025-07-20T22:49:33","date_gmt":"2025-07-20T19:49:33","guid":{"rendered":"https:\/\/berha.org\/en\/?post_type=product&#038;p=8013"},"modified":"2025-07-20T22:49:43","modified_gmt":"2025-07-20T19:49:43","slug":"spanc-steril-spanc-gazli-bez-gaz-kompres","status":"publish","type":"product","link":"https:\/\/berha.org\/en\/urun\/spanc-steril-spanc-gazli-bez-gaz-kompres\/","title":{"rendered":"Span\u00e7 \/ Steril Span\u00e7 (Gazl\u0131 Bez\/Gaz Kompres)"},"content":{"rendered":"<p>Steril ve non-steril span\u00e7 (gaz kompres) serisi, cerrahi operasyonlardan g\u00fcnl\u00fck pansuman uygulamalar\u0131na kadar bir\u00e7ok medikal m\u00fcdahalede g\u00fcvenle kullan\u0131lmak \u00fczere geli\u015ftirilmi\u015ftir.<\/p>\n<p>%100 hidrofil pamuk ipli\u011finden \u00fcretilen bu \u00fcr\u00fcnler; yumu\u015fak dokusu, y\u00fcksek emicili\u011fi ve tiftiklenmeyen yap\u0131s\u0131 ile hem profesyonel sa\u011fl\u0131k kurulu\u015flar\u0131nda hem de ev tipi bak\u0131m s\u00fcre\u00e7lerinde maksimum performans sa\u011flar.<\/p>\n<p>4, 8, 12 ve 16 kat gibi farkl\u0131 katman alternatifleri, uygulama alan\u0131na \u00f6zel uygunluk sunar. Kullan\u0131m alan\u0131na g\u00f6re X-ray \u015feritli (radyopak) veya X-ray \u015feritsiz (standart) se\u00e7enekleri mevcuttur.<\/p>\n<p>Sterilizasyon ihtiyac\u0131na g\u00f6re EO (Etilen Oksit), buhar (steam) ve gamma \u0131\u015f\u0131n\u0131 gibi farkl\u0131 sterilizasyon y\u00f6ntemleriyle sunulur ya da iste\u011fe ba\u011fl\u0131 non-steril olarak temin edilebilir.<\/p>\n","protected":false},"excerpt":{"rendered":"<p>Y\u00fcksek emicilik kapasitesine sahip, %100 hidrofil pamuktan \u00fcretilmi\u015f steril ve non-steril gaz kompres. Farkl\u0131 kat ve \u00f6l\u00e7\u00fc se\u00e7enekleriyle cerrahi ve genel pansuman i\u015flemleri i\u00e7in ideal \u00e7\u00f6z\u00fcm sunar.<\/p>\n<p>SPAN\u00c7 5CM x 5CM <\/p>\n<p>SPAN\u00c7 5CM x 5CM  X RAYLI  <\/p>\n<p>SPAN\u00c7 7,5CM x 7,5CM <\/p>\n<p>SPAN\u00c7 7,5CM x 7,5CM X RAYLI  <\/p>\n<p>SPAN\u00c7 10CM x 10CM <\/p>\n<p>SPAN\u00c7 10CM x 10CM X RAYLI<\/p>\n<p>SPAN\u00c7 10CM x 10CM 12 KAT<\/p>\n<p>SPAN\u00c7 8CM x 18CM<\/p>\n<p>SPAN\u00c7 8CM x 18CM X RAYLI   <\/p>\n","protected":false},"featured_media":7360,"template":"","meta":[],"product_brand":[],"product_cat":[1669],"product_tag":[1077,966,1078,1070,1074,957,1007,1071,1072,968,1006,1076,1073,1075],"class_list":{"0":"post-8013","1":"product","2":"type-product","3":"status-publish","4":"has-post-thumbnail","6":"product_cat-gazli-bezler","7":"product_tag-ameliyat-bezi","8":"product_tag-cerrahi-kompres","9":"product_tag-cerrahi-sarf-malzeme","10":"product_tag-gaz-kompres","11":"product_tag-hidrofil-pamuk-spanc","12":"product_tag-medikal-gazli-bez","13":"product_tag-non-steril-spanc","14":"product_tag-pansuman-bezi","15":"product_tag-radyopak-spanc","16":"product_tag-spanc","17":"product_tag-steril-spanc","18":"product_tag-tibbi-spanc","19":"product_tag-x-rayli-kompres","20":"product_tag-yara-bakimi-malzemesi","22":"first","23":"instock","24":"shipping-taxable","25":"product-type-simple"},"_links":{"self":[{"href":"https:\/\/berha.org\/en\/wp-json\/wp\/v2\/product\/8013","targetHints":{"allow":["GET"]}}],"collection":[{"href":"https:\/\/berha.org\/en\/wp-json\/wp\/v2\/product"}],"about":[{"href":"https:\/\/berha.org\/en\/wp-json\/wp\/v2\/types\/product"}],"wp:featuredmedia":[{"embeddable":true,"href":"https:\/\/berha.org\/en\/wp-json\/wp\/v2\/media\/7360"}],"wp:attachment":[{"href":"https:\/\/berha.org\/en\/wp-json\/wp\/v2\/media?parent=8013"}],"wp:term":[{"taxonomy":"product_brand","embeddable":true,"href":"https:\/\/berha.org\/en\/wp-json\/wp\/v2\/product_brand?post=8013"},{"taxonomy":"product_cat","embeddable":true,"href":"https:\/\/berha.org\/en\/wp-json\/wp\/v2\/product_cat?post=8013"},{"taxonomy":"product_tag","embeddable":true,"href":"https:\/\/berha.org\/en\/wp-json\/wp\/v2\/product_tag?post=8013"}],"curies":[{"name":"wp","href":"https:\/\/api.w.org\/{rel}","templated":true}]}}