{"id":8011,"date":"2025-07-20T22:49:33","date_gmt":"2025-07-20T19:49:33","guid":{"rendered":"https:\/\/berha.org\/en\/?post_type=product&#038;p=8011"},"modified":"2025-07-20T22:49:42","modified_gmt":"2025-07-20T19:49:42","slug":"elastik-sargi-bezi","status":"publish","type":"product","link":"https:\/\/berha.org\/en\/urun\/elastik-sargi-bezi\/","title":{"rendered":"Elastik Sarg\u0131 Bezi"},"content":{"rendered":"<p>Elastik Sarg\u0131 Bezi, kas-iskelet sistemi yaralanmalar\u0131nda kompresyon ve sabitleme sa\u011flamak amac\u0131yla kullan\u0131lan esnek ve yumu\u015fak yap\u0131l\u0131 medikal bir bandajd\u0131r. Burkulma, incinme, varis, \u00f6dem gibi durumlarda ilgili b\u00f6lgeyi desteklemek ve kan dola\u015f\u0131m\u0131n\u0131 d\u00fczenlemek i\u00e7in idealdir. Hava alabilen kuma\u015f\u0131 ciltle dosttur, uzun s\u00fcreli kullan\u0131mlarda dahi konfor sa\u011flar. Sporcularda ve fizik tedavi s\u00fcre\u00e7lerinde yayg\u0131n olarak kullan\u0131l\u0131r. Klipsli veya yap\u0131\u015fkan u\u00e7 se\u00e7enekleri ile farkl\u0131 uygulamalara uygundur.<\/p>\n","protected":false},"excerpt":{"rendered":"<p>Yaralanma ve burkulmalarda destek sa\u011flayan, \u00e7ok ama\u00e7l\u0131 elastik sarg\u0131 bezi.<\/p>\n<p>\u00d6l\u00e7\u00fcler:<\/p>\n<p>Geni\u015flik: 5 cm, 7.5 cm, 10 cm, 15 cm<\/p>\n<p>Uzunluk: 4 m \u2013 5 m (gerilmi\u015f h\u00e2liyle)<\/p>\n<p>Tip: Metal klipsli \/ yap\u0131\u015fkan u\u00e7lu<\/p>\n","protected":false},"featured_media":7356,"template":"","meta":[],"product_brand":[],"product_cat":[1671,1672],"product_tag":[1606,1629,1627,1630,483,934,1628,1098,1631,891],"class_list":{"0":"post-8011","1":"product","2":"type-product","3":"status-publish","4":"has-post-thumbnail","6":"product_cat-elastik-bandajlar","7":"product_cat-sargi-bezleri","8":"product_tag-burkulma-bandaji","9":"product_tag-destek-bandi","10":"product_tag-elastik-sargi-bezi","11":"product_tag-fizik-tedavi-malzemesi","12":"product_tag-kompresyon-bandaji","13":"product_tag-medikal-sargi","14":"product_tag-odem-bandaji","15":"product_tag-ortopedik-sargi-bezi","16":"product_tag-saglik-sarf-urunu","17":"product_tag-sporcu-bandaji","19":"first","20":"instock","21":"shipping-taxable","22":"product-type-simple"},"_links":{"self":[{"href":"https:\/\/berha.org\/en\/wp-json\/wp\/v2\/product\/8011","targetHints":{"allow":["GET"]}}],"collection":[{"href":"https:\/\/berha.org\/en\/wp-json\/wp\/v2\/product"}],"about":[{"href":"https:\/\/berha.org\/en\/wp-json\/wp\/v2\/types\/product"}],"wp:featuredmedia":[{"embeddable":true,"href":"https:\/\/berha.org\/en\/wp-json\/wp\/v2\/media\/7356"}],"wp:attachment":[{"href":"https:\/\/berha.org\/en\/wp-json\/wp\/v2\/media?parent=8011"}],"wp:term":[{"taxonomy":"product_brand","embeddable":true,"href":"https:\/\/berha.org\/en\/wp-json\/wp\/v2\/product_brand?post=8011"},{"taxonomy":"product_cat","embeddable":true,"href":"https:\/\/berha.org\/en\/wp-json\/wp\/v2\/product_cat?post=8011"},{"taxonomy":"product_tag","embeddable":true,"href":"https:\/\/berha.org\/en\/wp-json\/wp\/v2\/product_tag?post=8011"}],"curies":[{"name":"wp","href":"https:\/\/api.w.org\/{rel}","templated":true}]}}