{"id":8007,"date":"2025-07-20T22:49:32","date_gmt":"2025-07-20T19:49:32","guid":{"rendered":"https:\/\/berha.org\/en\/?post_type=product&#038;p=8007"},"modified":"2025-07-20T22:49:41","modified_gmt":"2025-07-20T19:49:41","slug":"esnek-tibbi-flaster-serisi","status":"publish","type":"product","link":"https:\/\/berha.org\/en\/urun\/esnek-tibbi-flaster-serisi\/","title":{"rendered":"Esnek T\u0131bbi Flaster Serisi"},"content":{"rendered":"<p>Esnek T\u0131bbi Flaster Serisi, yo\u011fun hareketli alanlarda ve eklem \u00e7evresinde pansumanlar\u0131n ya da t\u0131bbi cihazlar\u0131n sabitlenmesini kolayla\u015ft\u0131rmak i\u00e7in geli\u015ftirilmi\u015f esnek yap\u0131l\u0131 flasterlerden olu\u015fur. V\u00fccut hareketlerine uyum sa\u011flar, yap\u0131\u015ft\u0131\u011f\u0131 alandan soyulmadan uzun s\u00fcreli kullan\u0131m imk\u00e2n\u0131 sunar. Deriyle uyumlu yap\u0131\u015fkan\u0131 sayesinde ciltte tahri\u015fe yol a\u00e7maz. Sporcularda, \u00e7ocuklarda ya da ya\u015fl\u0131 bireylerde yayg\u0131n olarak kullan\u0131labilir. Estetik g\u00f6r\u00fcn\u00fcm\u00fc ve fonksiyonel yap\u0131s\u0131yla hastane ve ev kullan\u0131m\u0131 i\u00e7in uygundur.<\/p>\n","protected":false},"excerpt":{"rendered":"<p>Y\u00fcksek esnekli\u011fe sahip, v\u00fccuda uyumlu medikal flaster serisi.<\/p>\n<p>\u00d6l\u00e7\u00fcler:<\/p>\n<p>Geni\u015flik: 2.5 cm, 5 cm<\/p>\n<p>Uzunluk: 5 m<\/p>\n<p>Malzeme: Esnek tekstil veya non-woven yap\u0131<\/p>\n","protected":false},"featured_media":7349,"template":"","meta":[],"product_brand":[],"product_cat":[630],"product_tag":[1570,1600,1603,1598,1599,1596,1602,1601,1575,1584],"class_list":{"0":"post-8007","1":"product","2":"type-product","3":"status-publish","4":"has-post-thumbnail","6":"product_cat-yara-bakimi","7":"product_tag-cilt-dostu-flaster","8":"product_tag-eklem-bolgesi-flasteri","9":"product_tag-elastik-flaster","10":"product_tag-esnek-flaster","11":"product_tag-hareketli-alanlar-icin-flaster","12":"product_tag-medikal-yapiskanli-bant","13":"product_tag-non-woven-flaster","14":"product_tag-pansuman-sabitleyici-flaster","15":"product_tag-saglik-sarfi","16":"product_tag-tibbi-bant","18":"first","19":"instock","20":"shipping-taxable","21":"product-type-simple"},"_links":{"self":[{"href":"https:\/\/berha.org\/en\/wp-json\/wp\/v2\/product\/8007","targetHints":{"allow":["GET"]}}],"collection":[{"href":"https:\/\/berha.org\/en\/wp-json\/wp\/v2\/product"}],"about":[{"href":"https:\/\/berha.org\/en\/wp-json\/wp\/v2\/types\/product"}],"wp:featuredmedia":[{"embeddable":true,"href":"https:\/\/berha.org\/en\/wp-json\/wp\/v2\/media\/7349"}],"wp:attachment":[{"href":"https:\/\/berha.org\/en\/wp-json\/wp\/v2\/media?parent=8007"}],"wp:term":[{"taxonomy":"product_brand","embeddable":true,"href":"https:\/\/berha.org\/en\/wp-json\/wp\/v2\/product_brand?post=8007"},{"taxonomy":"product_cat","embeddable":true,"href":"https:\/\/berha.org\/en\/wp-json\/wp\/v2\/product_cat?post=8007"},{"taxonomy":"product_tag","embeddable":true,"href":"https:\/\/berha.org\/en\/wp-json\/wp\/v2\/product_tag?post=8007"}],"curies":[{"name":"wp","href":"https:\/\/api.w.org\/{rel}","templated":true}]}}