{"id":8006,"date":"2025-07-20T22:49:32","date_gmt":"2025-07-20T19:49:32","guid":{"rendered":"https:\/\/berha.org\/en\/?post_type=product&#038;p=8006"},"modified":"2025-07-20T22:49:40","modified_gmt":"2025-07-20T19:49:40","slug":"tibbi-bez-flaster-serisi","status":"publish","type":"product","link":"https:\/\/berha.org\/en\/urun\/tibbi-bez-flaster-serisi\/","title":{"rendered":"T\u0131bbi Bez Flaster Serisi"},"content":{"rendered":"<p>T\u0131bbi Bez Flaster Serisi, \u00f6zellikle uzun s\u00fcreli pansuman sabitlemeleri ve hareketli b\u00f6lgelerde g\u00fcvenli tutu\u015f gerektiren uygulamalar i\u00e7in tasarlanm\u0131\u015f, tekstil dokulu medikal bantlard\u0131r. Cilt ile uyumlu yap\u0131\u015fkan\u0131 sayesinde g\u00fcvenli sabitleme sunarken cildi tahri\u015f etmez. Esnek ve yumu\u015fak yap\u0131s\u0131, eklem gibi b\u00fck\u00fclen alanlarda rahatl\u0131kla kullan\u0131lmas\u0131n\u0131 sa\u011flar. Elle kolay y\u0131rt\u0131labilir, steril olmayan ortamlarda bile hijyenik uygulama imk\u00e2n\u0131 sunar. Klinik, evde bak\u0131m, ameliyathane gibi bir\u00e7ok alanda tercih edilir.<\/p>\n","protected":false},"excerpt":{"rendered":"<p>Esnek yap\u0131l\u0131, cilt dostu ve g\u00fcvenli yap\u0131\u015fkanl\u0131 t\u0131bbi bez flaster.<\/p>\n<p>\u00d6l\u00e7\u00fcler:<\/p>\n<p>Geni\u015flik: 1.25 cm, 2.5 cm, 5 cm<\/p>\n<p>Uzunluk: 5 m<\/p>\n<p>Renk: Beyaz<\/p>\n","protected":false},"featured_media":7351,"template":"","meta":[],"product_brand":[],"product_cat":[630],"product_tag":[1592,1587,1593,1597,1595,1596,826,572,1594,1584],"class_list":{"0":"post-8006","1":"product","2":"type-product","3":"status-publish","4":"has-post-thumbnail","6":"product_cat-yara-bakimi","7":"product_tag-bez-flaster","8":"product_tag-cerrahi-flaster","9":"product_tag-esnek-medikal-flaster","10":"product_tag-guvenli-flaster","11":"product_tag-hasta-bakim-bandi","12":"product_tag-medikal-yapiskanli-bant","13":"product_tag-pansuman-sabitleme-bandi","14":"product_tag-saglik-sarf-malzemesi","15":"product_tag-tekstil-dokulu-flaster","16":"product_tag-tibbi-bant","18":"first","19":"instock","20":"shipping-taxable","21":"product-type-simple"},"_links":{"self":[{"href":"https:\/\/berha.org\/en\/wp-json\/wp\/v2\/product\/8006","targetHints":{"allow":["GET"]}}],"collection":[{"href":"https:\/\/berha.org\/en\/wp-json\/wp\/v2\/product"}],"about":[{"href":"https:\/\/berha.org\/en\/wp-json\/wp\/v2\/types\/product"}],"wp:featuredmedia":[{"embeddable":true,"href":"https:\/\/berha.org\/en\/wp-json\/wp\/v2\/media\/7351"}],"wp:attachment":[{"href":"https:\/\/berha.org\/en\/wp-json\/wp\/v2\/media?parent=8006"}],"wp:term":[{"taxonomy":"product_brand","embeddable":true,"href":"https:\/\/berha.org\/en\/wp-json\/wp\/v2\/product_brand?post=8006"},{"taxonomy":"product_cat","embeddable":true,"href":"https:\/\/berha.org\/en\/wp-json\/wp\/v2\/product_cat?post=8006"},{"taxonomy":"product_tag","embeddable":true,"href":"https:\/\/berha.org\/en\/wp-json\/wp\/v2\/product_tag?post=8006"}],"curies":[{"name":"wp","href":"https:\/\/api.w.org\/{rel}","templated":true}]}}