{"id":8005,"date":"2025-07-20T22:49:32","date_gmt":"2025-07-20T19:49:32","guid":{"rendered":"https:\/\/berha.org\/en\/?post_type=product&#038;p=8005"},"modified":"2025-07-20T22:49:40","modified_gmt":"2025-07-20T19:49:40","slug":"tibbi-flaster-serisi","status":"publish","type":"product","link":"https:\/\/berha.org\/en\/urun\/tibbi-flaster-serisi\/","title":{"rendered":"T\u0131bbi Flaster Serisi"},"content":{"rendered":"<p>T\u0131bbi Flasterler, uzun s\u00fcreli pansuman sabitleme, sondalar\u0131n, kateterlerin veya t\u00fcplerin g\u00fcvenli \u015fekilde cilde sabitlenmesi i\u00e7in kullan\u0131lan g\u00fc\u00e7l\u00fc yap\u0131\u015fkanl\u0131 medikal bantlard\u0131r. Y\u00fcksek mukavemetli yap\u0131s\u0131 sayesinde nemli ve hareketli b\u00f6lgelerde dahi yerinden \u00e7\u0131kmadan sabit durur. Esnekli\u011fi sayesinde eklem b\u00f6lgelerine uygulanabilir. Elle y\u0131rt\u0131labilir, cilt dostudur ve \u00e7o\u011fu uygulamada g\u00fcvenli kullan\u0131m sunar. Ameliyathanelerde, yo\u011fun bak\u0131mda ve evde bak\u0131mda s\u0131kl\u0131kla tercih edilir.<\/p>\n","protected":false},"excerpt":{"rendered":"<p>Y\u00fcksek yap\u0131\u015fkanl\u0131k sa\u011flayan, dayan\u0131kl\u0131 ve esnek ipek medikal flaster.<\/p>\n<p>\u00d6l\u00e7\u00fcler:<\/p>\n<p>Geni\u015flik: 1.25 cm, 2.5 cm, 5 cm<\/p>\n<p>Uzunluk: 5 m<\/p>\n<p>Renk: Beyaz<\/p>\n","protected":false},"featured_media":7349,"template":"","meta":[],"product_brand":[],"product_cat":[630],"product_tag":[1587,1585,1589,1588,1586,1591,1590,572,1584],"class_list":{"0":"post-8005","1":"product","2":"type-product","3":"status-publish","4":"has-post-thumbnail","6":"product_cat-yara-bakimi","7":"product_tag-cerrahi-flaster","8":"product_tag-guclu-yapiskanli-flaster","9":"product_tag-hasta-sabitleme-urunu","10":"product_tag-ipek-yapiskan-bant","11":"product_tag-medikal-sabitleyici-bant","12":"product_tag-medikal-tekstil-urunleri","13":"product_tag-pansuman-flasteri","14":"product_tag-saglik-sarf-malzemesi","15":"product_tag-tibbi-bant","17":"first","18":"instock","19":"shipping-taxable","20":"product-type-simple"},"_links":{"self":[{"href":"https:\/\/berha.org\/en\/wp-json\/wp\/v2\/product\/8005","targetHints":{"allow":["GET"]}}],"collection":[{"href":"https:\/\/berha.org\/en\/wp-json\/wp\/v2\/product"}],"about":[{"href":"https:\/\/berha.org\/en\/wp-json\/wp\/v2\/types\/product"}],"wp:featuredmedia":[{"embeddable":true,"href":"https:\/\/berha.org\/en\/wp-json\/wp\/v2\/media\/7349"}],"wp:attachment":[{"href":"https:\/\/berha.org\/en\/wp-json\/wp\/v2\/media?parent=8005"}],"wp:term":[{"taxonomy":"product_brand","embeddable":true,"href":"https:\/\/berha.org\/en\/wp-json\/wp\/v2\/product_brand?post=8005"},{"taxonomy":"product_cat","embeddable":true,"href":"https:\/\/berha.org\/en\/wp-json\/wp\/v2\/product_cat?post=8005"},{"taxonomy":"product_tag","embeddable":true,"href":"https:\/\/berha.org\/en\/wp-json\/wp\/v2\/product_tag?post=8005"}],"curies":[{"name":"wp","href":"https:\/\/api.w.org\/{rel}","templated":true}]}}