{"id":8003,"date":"2025-07-20T22:49:32","date_gmt":"2025-07-20T19:49:32","guid":{"rendered":"https:\/\/berha.org\/en\/?post_type=product&#038;p=8003"},"modified":"2025-07-20T22:49:40","modified_gmt":"2025-07-20T19:49:40","slug":"enjeksiyon-bandi-serisi","status":"publish","type":"product","link":"https:\/\/berha.org\/en\/urun\/enjeksiyon-bandi-serisi\/","title":{"rendered":"Enjeksiyon Band\u0131 Serisi"},"content":{"rendered":"<p>Enjeksiyon Band\u0131 Serisi, enjeksiyon veya kan alma sonras\u0131 kullan\u0131lan, kanaman\u0131n durdurulmas\u0131na ve enjeksiyon b\u00f6lgesinin korunmas\u0131na yard\u0131mc\u0131 olan medikal bantlardan olu\u015fur. Hipoalerjenik yap\u0131s\u0131yla hassas ciltlerde g\u00fcvenle kullan\u0131labilir. Yumu\u015fak dokusu ve cilde uyumlu yap\u0131s\u0131 sayesinde ac\u0131s\u0131z \u015fekilde \u00e7\u0131kar\u0131labilir. Rulo formda sunulan bu bantlar, kliniklerde, laboratuvarlarda ve evde enjeksiyon yap\u0131lan t\u00fcm ortamlarda yayg\u0131n olarak tercih edilir. \u015eeffaf ve renkli modelleri mevcuttur.<\/p>\n","protected":false},"excerpt":{"rendered":"<p>Enjeksiyon sonras\u0131 uygulama i\u00e7in steril, cilt dostu medikal bantlar.<\/p>\n<p>\u00d6l\u00e7\u00fcler:<\/p>\n<p>Geni\u015flik: 1 cm \u2013 2 cm<\/p>\n<p>Uzunluk: 5 m \u2013 10 m<\/p>\n<p>Renk: \u015eeffaf, bej, beyaz<\/p>\n","protected":false},"featured_media":7348,"template":"","meta":[],"product_brand":[],"product_cat":[630],"product_tag":[1570,1568,843,1569,1573,835,1575,1572,1574,1571],"class_list":{"0":"post-8003","1":"product","2":"type-product","3":"status-publish","4":"has-post-thumbnail","6":"product_cat-yara-bakimi","7":"product_tag-cilt-dostu-flaster","8":"product_tag-enjeksiyon-bandi","9":"product_tag-hipoalerjenik-flaster","10":"product_tag-kan-alma-bandi","11":"product_tag-laboratuvar-flasteri","12":"product_tag-medikal-bant","13":"product_tag-saglik-sarfi","14":"product_tag-steril-enjeksiyon-bandi","15":"product_tag-tek-kullanimlik-bant","16":"product_tag-tibbi-yapiskanli-bant","18":"first","19":"instock","20":"shipping-taxable","21":"product-type-simple"},"_links":{"self":[{"href":"https:\/\/berha.org\/en\/wp-json\/wp\/v2\/product\/8003","targetHints":{"allow":["GET"]}}],"collection":[{"href":"https:\/\/berha.org\/en\/wp-json\/wp\/v2\/product"}],"about":[{"href":"https:\/\/berha.org\/en\/wp-json\/wp\/v2\/types\/product"}],"wp:featuredmedia":[{"embeddable":true,"href":"https:\/\/berha.org\/en\/wp-json\/wp\/v2\/media\/7348"}],"wp:attachment":[{"href":"https:\/\/berha.org\/en\/wp-json\/wp\/v2\/media?parent=8003"}],"wp:term":[{"taxonomy":"product_brand","embeddable":true,"href":"https:\/\/berha.org\/en\/wp-json\/wp\/v2\/product_brand?post=8003"},{"taxonomy":"product_cat","embeddable":true,"href":"https:\/\/berha.org\/en\/wp-json\/wp\/v2\/product_cat?post=8003"},{"taxonomy":"product_tag","embeddable":true,"href":"https:\/\/berha.org\/en\/wp-json\/wp\/v2\/product_tag?post=8003"}],"curies":[{"name":"wp","href":"https:\/\/api.w.org\/{rel}","templated":true}]}}