{"id":7999,"date":"2025-07-20T22:49:32","date_gmt":"2025-07-20T19:49:32","guid":{"rendered":"https:\/\/berha.org\/en\/?post_type=product&#038;p=7999"},"modified":"2025-07-20T22:49:39","modified_gmt":"2025-07-20T19:49:39","slug":"rulo-dis-pamugu","status":"publish","type":"product","link":"https:\/\/berha.org\/en\/urun\/rulo-dis-pamugu\/","title":{"rendered":"Rulo Di\u015f Pamu\u011fu"},"content":{"rendered":"<p>Rulo Di\u015f Pamu\u011fu, a\u011f\u0131z i\u00e7i uygulamalarda t\u00fck\u00fcr\u00fck kontrol\u00fcn\u00fc sa\u011flamak ve tedavi alan\u0131n\u0131 kuru tutmak amac\u0131yla kullan\u0131lan, y\u00fcksek emicilik \u00f6zellikli steril pamuk rulolard\u0131r. Di\u015f hekimli\u011fi i\u015flemlerinde yayg\u0131n olarak kullan\u0131l\u0131r. Yuvarlak yap\u0131s\u0131 sayesinde a\u011f\u0131z anatomisine uyum sa\u011flar, kolay yerle\u015ftirilir ve uzun s\u00fcre formunu korur. Tek kullan\u0131ml\u0131kt\u0131r, steril ve hijyeniktir. Di\u015f klinikleri, ortodonti ve cerrahi m\u00fcdahalelerde vazge\u00e7ilmez destek ekipman\u0131d\u0131r.<\/p>\n","protected":false},"excerpt":{"rendered":"<p>Di\u015f tedavilerinde kullan\u0131lan, y\u00fcksek emicili\u011fe sahip steril pamuk rulolar\u0131.<\/p>\n<p>\u00d6l\u00e7\u00fcler:<\/p>\n<p>Boyut: 8 mm x 38 mm \/ 10 mm x 38 mm<\/p>\n<p>Paket: 50\u2019li \/ 100\u2019l\u00fc<\/p>\n","protected":false},"featured_media":7326,"template":"","meta":[],"product_brand":[],"product_cat":[209],"product_tag":[1533,1532,1539,1537,1531,611,1534,1535,1538,1536],"class_list":{"0":"post-7999","1":"product","2":"type-product","3":"status-publish","4":"has-post-thumbnail","6":"product_cat-pamuk-grubu","7":"product_tag-agiz-ici-emici-pamuk","8":"product_tag-dental-pamuk","9":"product_tag-dental-sarf","10":"product_tag-dis-hekimi-malzemesi","11":"product_tag-dis-pamuk-rulosu","12":"product_tag-medikal-pamuk","13":"product_tag-ortodonti-pamuk","14":"product_tag-steril-pamuk-rulo","15":"product_tag-tek-kullanimlik-agiz-pamugu","16":"product_tag-tukuruk-emici-pamuk","18":"first","19":"instock","20":"shipping-taxable","21":"product-type-simple"},"_links":{"self":[{"href":"https:\/\/berha.org\/en\/wp-json\/wp\/v2\/product\/7999","targetHints":{"allow":["GET"]}}],"collection":[{"href":"https:\/\/berha.org\/en\/wp-json\/wp\/v2\/product"}],"about":[{"href":"https:\/\/berha.org\/en\/wp-json\/wp\/v2\/types\/product"}],"wp:featuredmedia":[{"embeddable":true,"href":"https:\/\/berha.org\/en\/wp-json\/wp\/v2\/media\/7326"}],"wp:attachment":[{"href":"https:\/\/berha.org\/en\/wp-json\/wp\/v2\/media?parent=7999"}],"wp:term":[{"taxonomy":"product_brand","embeddable":true,"href":"https:\/\/berha.org\/en\/wp-json\/wp\/v2\/product_brand?post=7999"},{"taxonomy":"product_cat","embeddable":true,"href":"https:\/\/berha.org\/en\/wp-json\/wp\/v2\/product_cat?post=7999"},{"taxonomy":"product_tag","embeddable":true,"href":"https:\/\/berha.org\/en\/wp-json\/wp\/v2\/product_tag?post=7999"}],"curies":[{"name":"wp","href":"https:\/\/api.w.org\/{rel}","templated":true}]}}