{"id":7998,"date":"2025-07-20T22:49:32","date_gmt":"2025-07-20T19:49:32","guid":{"rendered":"https:\/\/berha.org\/en\/?post_type=product&#038;p=7998"},"modified":"2025-07-20T22:49:38","modified_gmt":"2025-07-20T19:49:38","slug":"nebulizator-maskesi","status":"publish","type":"product","link":"https:\/\/berha.org\/en\/urun\/nebulizator-maskesi\/","title":{"rendered":"Nebulizat\u00f6r Maskesi"},"content":{"rendered":"<p>Nebulizat\u00f6r Maskesi, bron\u015fit, ast\u0131m, KOAH gibi solunum yolu hastal\u0131klar\u0131nda ila\u00e7lar\u0131n buharla\u015ft\u0131r\u0131larak do\u011frudan solunmas\u0131n\u0131 sa\u011flayan, nebulizat\u00f6r cihazlarla kullan\u0131lan bir inhalasyon \u00fcr\u00fcn\u00fcd\u00fcr. \u015eeffaf yap\u0131s\u0131 ve y\u00fcze tam oturan formu sayesinde hem hasta konforu sa\u011flar hem de ilac\u0131n verimini art\u0131r\u0131r. Bebek, \u00e7ocuk ve yeti\u015fkin boylar\u0131 mevcuttur. \u0130la\u00e7 haznesi, maskeye entegre \u015fekilde gelir ve temizlemesi kolayd\u0131r. Lateks i\u00e7ermez. Evde ya da klinik ortamda tedavi s\u0131ras\u0131nda g\u00fcvenle kullan\u0131labilir.<\/p>\n","protected":false},"excerpt":{"rendered":"<p>\u0130nhalasyon tedavisi i\u00e7in tasarlanm\u0131\u015f, nebulizat\u00f6r cihazlarla uyumlu medikal maske.<\/p>\n<p>\u00d6l\u00e7\u00fcler:<\/p>\n<p>Boy: Bebek, \u00c7ocuk, Yeti\u015fkin<\/p>\n<p>Hortum Uzunlu\u011fu: 2 m<\/p>\n<p>Neb\u00fcl haznesi: 6\u20138 ml kapasiteli<\/p>\n","protected":false},"featured_media":7324,"template":"","meta":[],"product_brand":[],"product_cat":[1670],"product_tag":[1525,1524,1526,1523,1490,1527,1522,1528,1530,1529],"class_list":{"0":"post-7998","1":"product","2":"type-product","3":"status-publish","4":"has-post-thumbnail","6":"product_cat-genel-sarf","7":"product_tag-astim-tedavi-aparati","8":"product_tag-buhar-tedavisi-maskesi","9":"product_tag-ilac-buharlastirma-maskesi","10":"product_tag-inhaler-maskesi","11":"product_tag-koah-ekipmani","12":"product_tag-medikal-solunum-cihazi-maskesi","13":"product_tag-nebulizator-maskesi","14":"product_tag-pediatrik-nebulizator","15":"product_tag-tibbi-inhalasyon-urunu","16":"product_tag-yetiskin-buhar-maskesi","18":"first","19":"instock","20":"shipping-taxable","21":"product-type-simple"},"_links":{"self":[{"href":"https:\/\/berha.org\/en\/wp-json\/wp\/v2\/product\/7998","targetHints":{"allow":["GET"]}}],"collection":[{"href":"https:\/\/berha.org\/en\/wp-json\/wp\/v2\/product"}],"about":[{"href":"https:\/\/berha.org\/en\/wp-json\/wp\/v2\/types\/product"}],"wp:featuredmedia":[{"embeddable":true,"href":"https:\/\/berha.org\/en\/wp-json\/wp\/v2\/media\/7324"}],"wp:attachment":[{"href":"https:\/\/berha.org\/en\/wp-json\/wp\/v2\/media?parent=7998"}],"wp:term":[{"taxonomy":"product_brand","embeddable":true,"href":"https:\/\/berha.org\/en\/wp-json\/wp\/v2\/product_brand?post=7998"},{"taxonomy":"product_cat","embeddable":true,"href":"https:\/\/berha.org\/en\/wp-json\/wp\/v2\/product_cat?post=7998"},{"taxonomy":"product_tag","embeddable":true,"href":"https:\/\/berha.org\/en\/wp-json\/wp\/v2\/product_tag?post=7998"}],"curies":[{"name":"wp","href":"https:\/\/api.w.org\/{rel}","templated":true}]}}