{"id":7997,"date":"2025-07-20T22:49:32","date_gmt":"2025-07-20T19:49:32","guid":{"rendered":"https:\/\/berha.org\/en\/?post_type=product&#038;p=7997"},"modified":"2025-07-20T22:49:38","modified_gmt":"2025-07-20T19:49:38","slug":"oksijen-maskesi","status":"publish","type":"product","link":"https:\/\/berha.org\/en\/urun\/oksijen-maskesi\/","title":{"rendered":"Oksijen Maskesi"},"content":{"rendered":"<p>Oksijen Maskesi, solunum deste\u011fi gereken hastalara t\u0131bbi oksijenin do\u011frudan verilmesini sa\u011flayan, yumu\u015fak PVC malzemeden \u00fcretilmi\u015f, rahat ve etkili bir uygulama ekipman\u0131d\u0131r. Elastik ba\u015f band\u0131 sayesinde y\u00fcze kolayca sabitlenir. Maskenin burun ve a\u011f\u0131z b\u00f6lgesini kapsayan yap\u0131s\u0131, oksijenin kay\u0131ps\u0131z \u015fekilde verilmesini sa\u011flar. Geni\u015f \u00e7apl\u0131 hortumu sayesinde t\u00fcm oksijen \u00e7\u0131k\u0131\u015flar\u0131yla uyumludur. Pediatrik ve yeti\u015fkin boy se\u00e7enekleriyle farkl\u0131 ya\u015f gruplar\u0131na uygundur. Acil servis, evde bak\u0131m, yo\u011fun bak\u0131m gibi bir\u00e7ok alanda kullan\u0131l\u0131r.<\/p>\n","protected":false},"excerpt":{"rendered":"<p>Yeti\u015fkin ve \u00e7ocuklar i\u00e7in oksijen tedavisinde kullan\u0131lan medikal oksijen maskesi.<\/p>\n<p>\u00d6l\u00e7\u00fcler:<\/p>\n<p>Boy: Pediatrik, Yeti\u015fkin<\/p>\n<p>Hortum Uzunlu\u011fu: 2 m<\/p>\n<p>Malzeme: PVC (Lateks i\u00e7ermez<\/p>\n","protected":false},"featured_media":7323,"template":"","meta":[],"product_brand":[],"product_cat":[1670],"product_tag":[1519,1520,1515,1514,1521,1517,572,1516,528,1518],"class_list":{"0":"post-7997","1":"product","2":"type-product","3":"status-publish","4":"has-post-thumbnail","6":"product_cat-genel-sarf","7":"product_tag-cocuk-oksijen-maskesi","8":"product_tag-hasta-solunum-ekipmani","9":"product_tag-medikal-oksijen-aparati","10":"product_tag-oksijen-maskesi","11":"product_tag-oksijen-tedavisi-ekipmani","12":"product_tag-pvc-oksijen-maskesi","13":"product_tag-saglik-sarf-malzemesi","14":"product_tag-solunum-destegi-maskesi","15":"product_tag-tibbi-maske","16":"product_tag-yetiskin-oksijen-maskesi","18":"first","19":"instock","20":"shipping-taxable","21":"product-type-simple"},"_links":{"self":[{"href":"https:\/\/berha.org\/en\/wp-json\/wp\/v2\/product\/7997","targetHints":{"allow":["GET"]}}],"collection":[{"href":"https:\/\/berha.org\/en\/wp-json\/wp\/v2\/product"}],"about":[{"href":"https:\/\/berha.org\/en\/wp-json\/wp\/v2\/types\/product"}],"wp:featuredmedia":[{"embeddable":true,"href":"https:\/\/berha.org\/en\/wp-json\/wp\/v2\/media\/7323"}],"wp:attachment":[{"href":"https:\/\/berha.org\/en\/wp-json\/wp\/v2\/media?parent=7997"}],"wp:term":[{"taxonomy":"product_brand","embeddable":true,"href":"https:\/\/berha.org\/en\/wp-json\/wp\/v2\/product_brand?post=7997"},{"taxonomy":"product_cat","embeddable":true,"href":"https:\/\/berha.org\/en\/wp-json\/wp\/v2\/product_cat?post=7997"},{"taxonomy":"product_tag","embeddable":true,"href":"https:\/\/berha.org\/en\/wp-json\/wp\/v2\/product_tag?post=7997"}],"curies":[{"name":"wp","href":"https:\/\/api.w.org\/{rel}","templated":true}]}}