{"id":7996,"date":"2025-07-20T22:49:32","date_gmt":"2025-07-20T19:49:32","guid":{"rendered":"https:\/\/berha.org\/en\/?post_type=product&#038;p=7996"},"modified":"2025-07-20T22:49:38","modified_gmt":"2025-07-20T19:49:38","slug":"ram-kanul-nasal-oksijen-kanulu","status":"publish","type":"product","link":"https:\/\/berha.org\/en\/urun\/ram-kanul-nasal-oksijen-kanulu\/","title":{"rendered":"Ram Kan\u00fcl &#8211; Nasal Oksijen Kan\u00fcl\u00fc"},"content":{"rendered":"<p>Ram Kan\u00fcl, \u00f6zellikle yenido\u011fan ve pediatrik hastalarda non-invaziv ventilasyon veya oksijen tedavisi i\u00e7in kullan\u0131lan, yumu\u015fak ve esnek silikon malzemeden \u00fcretilmi\u015f nasal kan\u00fcld\u00fcr. Bebeklerin hassas burun yap\u0131s\u0131na uygun olarak tasarlanm\u0131\u015f \u00e7ift u\u00e7lu kan\u00fcl, burun deliklerine nazik\u00e7e yerle\u015fir ve konforlu kullan\u0131m sunar. CPAP tedavisinde, d\u00fc\u015f\u00fck ak\u0131ml\u0131 oksijen terapilerinde ve nazal ventilasyonda g\u00fcvenle tercih edilir. Renk kodlu boylar\u0131yla farkl\u0131 ya\u015f gruplar\u0131na uygun se\u00e7im yap\u0131labilir. T\u00fcm solunum cihazlar\u0131yla uyumludur.<\/p>\n","protected":false},"excerpt":{"rendered":"<p>Yenido\u011fan ve bebekler i\u00e7in \u00f6zel tasarlanm\u0131\u015f, yumu\u015fak silikon nasal oksijen kan\u00fcl\u00fc.<\/p>\n<p>\u00d6l\u00e7\u00fcler:<\/p>\n<p>Boy: Preterm, Yenido\u011fan, Infant, Pediatrik<\/p>\n<p>Uzunluk: 150 cm<\/p>\n<p>Ba\u011flant\u0131: Evrensel Luer ba\u011flant\u0131<\/p>\n","protected":false},"featured_media":7321,"template":"","meta":[],"product_brand":[],"product_cat":[1670],"product_tag":[1509,1508,1513,1505,1511,1512,1507,1504,1506,1510],"class_list":{"0":"post-7996","1":"product","2":"type-product","3":"status-publish","4":"has-post-thumbnail","6":"product_cat-genel-sarf","7":"product_tag-bebek-solunum-ekipmani","8":"product_tag-cpap-aksesuari","9":"product_tag-medikal-solunum-urunu","10":"product_tag-nasal-oksijen-kanulu","11":"product_tag-neonatal-kanul","12":"product_tag-oksijen-burun-aparati","13":"product_tag-pediatrik-solunum-kanulu","14":"product_tag-ram-kanul","15":"product_tag-yenidogan-oksijen-kanulu","16":"product_tag-yumusak-burun-kanulu","18":"first","19":"instock","20":"shipping-taxable","21":"product-type-simple"},"_links":{"self":[{"href":"https:\/\/berha.org\/en\/wp-json\/wp\/v2\/product\/7996","targetHints":{"allow":["GET"]}}],"collection":[{"href":"https:\/\/berha.org\/en\/wp-json\/wp\/v2\/product"}],"about":[{"href":"https:\/\/berha.org\/en\/wp-json\/wp\/v2\/types\/product"}],"wp:featuredmedia":[{"embeddable":true,"href":"https:\/\/berha.org\/en\/wp-json\/wp\/v2\/media\/7321"}],"wp:attachment":[{"href":"https:\/\/berha.org\/en\/wp-json\/wp\/v2\/media?parent=7996"}],"wp:term":[{"taxonomy":"product_brand","embeddable":true,"href":"https:\/\/berha.org\/en\/wp-json\/wp\/v2\/product_brand?post=7996"},{"taxonomy":"product_cat","embeddable":true,"href":"https:\/\/berha.org\/en\/wp-json\/wp\/v2\/product_cat?post=7996"},{"taxonomy":"product_tag","embeddable":true,"href":"https:\/\/berha.org\/en\/wp-json\/wp\/v2\/product_tag?post=7996"}],"curies":[{"name":"wp","href":"https:\/\/api.w.org\/{rel}","templated":true}]}}