{"id":7994,"date":"2025-07-20T22:49:31","date_gmt":"2025-07-20T19:49:31","guid":{"rendered":"https:\/\/berha.org\/en\/?post_type=product&#038;p=7994"},"modified":"2025-07-20T23:10:39","modified_gmt":"2025-07-20T20:10:39","slug":"aerochamber-solunum-ara-aparati","status":"publish","type":"product","link":"https:\/\/berha.org\/en\/urun\/aerochamber-solunum-ara-aparati\/","title":{"rendered":"Aerochamber (Solunum Ara Aparat\u0131)"},"content":{"rendered":"<p>Aerochamber, ast\u0131m ve KOAH gibi solunum yolu hastal\u0131klar\u0131nda kullan\u0131lan inhaler cihazlardan \u00e7\u0131kan ilac\u0131 daha etkili solumay\u0131 sa\u011flayan valfli, ara solunum aparat\u0131d\u0131r. \u0130la\u00e7 partik\u00fcllerinin ci\u011ferlere ula\u015fmadan a\u011f\u0131z ve bo\u011fazda kaybolmas\u0131n\u0131 \u00f6nler. \u00c7ocuk ve bebek versiyonlar\u0131nda y\u00fcze tam oturan yumu\u015fak silikon maskeler ile birlikte sunulur. Cihazla birlikte kullan\u0131labilen yap\u0131s\u0131 sayesinde tedavi etkinli\u011fini art\u0131r\u0131r. Kolay temizlenebilir, BPA i\u00e7ermez ve dayan\u0131kl\u0131 malzemeden \u00fcretilmi\u015ftir.<\/p>\n","protected":false},"excerpt":{"rendered":"<p>\u0130nhaler kullan\u0131m\u0131n\u0131 kolayla\u015ft\u0131ran, valfli aerochamber solunum aparat\u0131.<\/p>\n<p>\u00d6l\u00e7\u00fcler:<\/p>\n<p>Yeti\u015fkin, \u00e7ocuk, bebek modelleri<\/p>\n<p>Maske veya a\u011f\u0131zl\u0131k se\u00e7enekli<\/p>\n","protected":false},"featured_media":7319,"template":"","meta":[],"product_brand":[],"product_cat":[213,1670],"product_tag":[1485,1488,1489,1490,1491,1492,1493,1494,1486,1487],"class_list":{"0":"post-7994","1":"product","2":"type-product","3":"status-publish","4":"has-post-thumbnail","6":"product_cat-general-medical-supplies","7":"product_cat-genel-sarf","8":"product_tag-aerochamber","9":"product_tag-astim-cihazi-aparati","10":"product_tag-cocuklar-icin-aerochamber","11":"product_tag-koah-ekipmani","12":"product_tag-maske-aparatli-solunum-cihazi","13":"product_tag-medikal-inhaler-destekleyici","14":"product_tag-nefes-alma-destek-urunu","15":"product_tag-saglik-cihazi","16":"product_tag-solunum-ara-aparati","17":"product_tag-valfli-inhaler-ara-parca","19":"first","20":"instock","21":"shipping-taxable","22":"product-type-simple"},"_links":{"self":[{"href":"https:\/\/berha.org\/en\/wp-json\/wp\/v2\/product\/7994","targetHints":{"allow":["GET"]}}],"collection":[{"href":"https:\/\/berha.org\/en\/wp-json\/wp\/v2\/product"}],"about":[{"href":"https:\/\/berha.org\/en\/wp-json\/wp\/v2\/types\/product"}],"wp:featuredmedia":[{"embeddable":true,"href":"https:\/\/berha.org\/en\/wp-json\/wp\/v2\/media\/7319"}],"wp:attachment":[{"href":"https:\/\/berha.org\/en\/wp-json\/wp\/v2\/media?parent=7994"}],"wp:term":[{"taxonomy":"product_brand","embeddable":true,"href":"https:\/\/berha.org\/en\/wp-json\/wp\/v2\/product_brand?post=7994"},{"taxonomy":"product_cat","embeddable":true,"href":"https:\/\/berha.org\/en\/wp-json\/wp\/v2\/product_cat?post=7994"},{"taxonomy":"product_tag","embeddable":true,"href":"https:\/\/berha.org\/en\/wp-json\/wp\/v2\/product_tag?post=7994"}],"curies":[{"name":"wp","href":"https:\/\/api.w.org\/{rel}","templated":true}]}}