{"id":7993,"date":"2025-07-20T22:49:31","date_gmt":"2025-07-20T19:49:31","guid":{"rendered":"https:\/\/berha.org\/en\/?post_type=product&#038;p=7993"},"modified":"2025-07-20T22:49:37","modified_gmt":"2025-07-20T19:49:37","slug":"anti-emboli-corap","status":"publish","type":"product","link":"https:\/\/berha.org\/en\/urun\/anti-emboli-corap\/","title":{"rendered":"Anti-Emboli \u00c7orap"},"content":{"rendered":"<p>Anti-Emboli \u00c7orap, \u00f6zellikle ameliyat sonras\u0131 yat\u0131\u015f s\u00fcresi uzun olan hastalarda, derin ven trombozu (DVT) ve emboli riskini azaltmak amac\u0131yla kullan\u0131lan \u00f6zel medikal kompresyon \u00e7orab\u0131d\u0131r. Dola\u015f\u0131m\u0131 d\u00fczenleyici bas\u0131n\u00e7 uygulayarak bacaklardaki kan ak\u0131\u015f\u0131n\u0131 te\u015fvik eder. Hafif ve nefes alabilir kuma\u015f\u0131 ile uzun s\u00fcreli kullan\u0131mda dahi konfor sa\u011flar. Latex i\u00e7ermeyen yap\u0131s\u0131 ile alerjik reaksiyon riskini en aza indirir. Ameliyat \u00f6ncesi ve sonras\u0131, yo\u011fun bak\u0131m ve uzun s\u00fcreli yatakta tedavi g\u00f6ren hastalarda doktor tavsiyesiyle kullan\u0131l\u0131r.<\/p>\n","protected":false},"excerpt":{"rendered":"<p>Kan p\u0131ht\u0131la\u015fmas\u0131 riskini azaltan, t\u0131bbi kompresyonlu anti-emboli \u00e7orap.<\/p>\n<p>\u00d6l\u00e7\u00fcler:<\/p>\n<p>Bedenler: S, M, L, XL<\/p>\n<p>Uzunluk: Diz alt\u0131, diz \u00fcst\u00fc, tam boy<\/p>\n","protected":false},"featured_media":7317,"template":"","meta":[],"product_brand":[],"product_cat":[1670,215],"product_tag":[993,1477,1480,1483,1479,1484,1482,1430,1478,1481],"class_list":{"0":"post-7993","1":"product","2":"type-product","3":"status-publish","4":"has-post-thumbnail","6":"product_cat-genel-sarf","7":"product_cat-ortopedi","8":"product_tag-ameliyat-sonrasi-bakim","9":"product_tag-anti-emboli-corap","10":"product_tag-damar-tikanikligi-corabi","11":"product_tag-dvt-onleyici-urun","12":"product_tag-emboli-onleyici-corap","13":"product_tag-hastane-corabi","14":"product_tag-medikal-corap","15":"product_tag-saglik-tekstili","16":"product_tag-tibbi-kompresyon-corabi","17":"product_tag-tromboz-onleyici-corap","19":"first","20":"instock","21":"shipping-taxable","22":"product-type-simple"},"_links":{"self":[{"href":"https:\/\/berha.org\/en\/wp-json\/wp\/v2\/product\/7993","targetHints":{"allow":["GET"]}}],"collection":[{"href":"https:\/\/berha.org\/en\/wp-json\/wp\/v2\/product"}],"about":[{"href":"https:\/\/berha.org\/en\/wp-json\/wp\/v2\/types\/product"}],"wp:featuredmedia":[{"embeddable":true,"href":"https:\/\/berha.org\/en\/wp-json\/wp\/v2\/media\/7317"}],"wp:attachment":[{"href":"https:\/\/berha.org\/en\/wp-json\/wp\/v2\/media?parent=7993"}],"wp:term":[{"taxonomy":"product_brand","embeddable":true,"href":"https:\/\/berha.org\/en\/wp-json\/wp\/v2\/product_brand?post=7993"},{"taxonomy":"product_cat","embeddable":true,"href":"https:\/\/berha.org\/en\/wp-json\/wp\/v2\/product_cat?post=7993"},{"taxonomy":"product_tag","embeddable":true,"href":"https:\/\/berha.org\/en\/wp-json\/wp\/v2\/product_tag?post=7993"}],"curies":[{"name":"wp","href":"https:\/\/api.w.org\/{rel}","templated":true}]}}