{"id":7992,"date":"2025-07-20T22:49:31","date_gmt":"2025-07-20T19:49:31","guid":{"rendered":"https:\/\/berha.org\/en\/?post_type=product&#038;p=7992"},"modified":"2025-07-20T22:49:36","modified_gmt":"2025-07-20T19:49:36","slug":"flaster-sokucu-sprey","status":"publish","type":"product","link":"https:\/\/berha.org\/en\/urun\/flaster-sokucu-sprey\/","title":{"rendered":"Flaster S\u00f6k\u00fcc\u00fc Sprey"},"content":{"rendered":"<p>Flaster S\u00f6k\u00fcc\u00fc Sprey, cilde yap\u0131\u015fm\u0131\u015f olan flaster, medikal bant veya yap\u0131\u015fkanl\u0131 pansuman kal\u0131nt\u0131lar\u0131n\u0131 kolay ve ac\u0131s\u0131z \u015fekilde \u00e7\u0131karmaya yard\u0131mc\u0131 olur. Cildi tahri\u015f etmeden, nazik\u00e7e \u00e7\u00f6zerek yap\u0131\u015fkan\u0131n b\u0131rakt\u0131\u011f\u0131 kal\u0131nt\u0131lar\u0131 temizler. \u00d6zellikle ya\u015fl\u0131, \u00e7ocuk veya hassas cilt yap\u0131s\u0131na sahip hastalar i\u00e7in uygundur. Alkols\u00fcz form\u00fcl\u00fc sayesinde hassas b\u00f6lgelerde dahi g\u00fcvenle kullan\u0131labilir. Evde bak\u0131m hizmetlerinde, hastanelerde, diyabetik hastalar\u0131n ins\u00fclin flasterlerinde s\u0131kl\u0131kla tercih edilir.<\/p>\n","protected":false},"excerpt":{"rendered":"<p>Flaster ve bandaj kal\u0131nt\u0131lar\u0131n\u0131 nazik\u00e7e \u00e7\u00f6zen, cilt dostu sprey.<\/p>\n<p>\u00d6l\u00e7\u00fcler:<\/p>\n<p>Hacim: 50 ml, 100 ml<\/p>\n<p>Form: Alkols\u00fcz \/ Alkol bazl\u0131 se\u00e7enekler<\/p>\n","protected":false},"featured_media":7316,"template":"","meta":[],"product_brand":[],"product_cat":[212],"product_tag":[1470,1471,1475,1474,1468,1472,1357,1473,1469,1476],"class_list":{"0":"post-7992","1":"product","2":"type-product","3":"status-publish","4":"has-post-thumbnail","6":"product_cat-sprey-grubu","7":"product_tag-bandaj-cikarici","8":"product_tag-cilt-dostu-flaster-spreyi","9":"product_tag-evde-bakim-ekipmani","10":"product_tag-flaster-izi-temizleyici","11":"product_tag-flaster-sokucu-sprey","12":"product_tag-hassas-cilt-urunleri","13":"product_tag-hasta-bakim-urunu","14":"product_tag-medikal-bakim-spreyi","15":"product_tag-medikal-yapiskan-cozucu","16":"product_tag-yapiskan-giderici","18":"first","19":"instock","20":"shipping-taxable","21":"product-type-simple"},"_links":{"self":[{"href":"https:\/\/berha.org\/en\/wp-json\/wp\/v2\/product\/7992","targetHints":{"allow":["GET"]}}],"collection":[{"href":"https:\/\/berha.org\/en\/wp-json\/wp\/v2\/product"}],"about":[{"href":"https:\/\/berha.org\/en\/wp-json\/wp\/v2\/types\/product"}],"wp:featuredmedia":[{"embeddable":true,"href":"https:\/\/berha.org\/en\/wp-json\/wp\/v2\/media\/7316"}],"wp:attachment":[{"href":"https:\/\/berha.org\/en\/wp-json\/wp\/v2\/media?parent=7992"}],"wp:term":[{"taxonomy":"product_brand","embeddable":true,"href":"https:\/\/berha.org\/en\/wp-json\/wp\/v2\/product_brand?post=7992"},{"taxonomy":"product_cat","embeddable":true,"href":"https:\/\/berha.org\/en\/wp-json\/wp\/v2\/product_cat?post=7992"},{"taxonomy":"product_tag","embeddable":true,"href":"https:\/\/berha.org\/en\/wp-json\/wp\/v2\/product_tag?post=7992"}],"curies":[{"name":"wp","href":"https:\/\/api.w.org\/{rel}","templated":true}]}}