{"id":7991,"date":"2025-07-20T22:49:31","date_gmt":"2025-07-20T19:49:31","guid":{"rendered":"https:\/\/berha.org\/en\/?post_type=product&#038;p=7991"},"modified":"2025-07-20T22:49:36","modified_gmt":"2025-07-20T19:49:36","slug":"lavman-seti","status":"publish","type":"product","link":"https:\/\/berha.org\/en\/urun\/lavman-seti\/","title":{"rendered":"Lavman Seti"},"content":{"rendered":"<p>Lavman Seti, ba\u011f\u0131rsak bo\u015falt\u0131m\u0131 ve rektal temizlik i\u015flemleri i\u00e7in \u00f6zel olarak haz\u0131rlanm\u0131\u015f, steril ve kullan\u0131ma haz\u0131r medikal bir \u00fcr\u00fcnd\u00fcr. \u0130\u00e7eri\u011finde yumu\u015fak u\u00e7lu rektal t\u00fcp, lavman s\u0131v\u0131s\u0131n\u0131 i\u00e7eren torba ve uygulamay\u0131 kolayla\u015ft\u0131ran aparatlar bulunur. Hasta konforunu ve hijyeni \u00f6n planda tutar. Yatarak ya da oturarak kullan\u0131m i\u00e7in uygundur. Kliniklerde, hastanelerde ve evde bak\u0131m hizmetlerinde g\u00fcvenle kullan\u0131labilir. Uygulama sonras\u0131 tek kullan\u0131ml\u0131k olmas\u0131 sayesinde enfeksiyon riskini ortadan kald\u0131r\u0131r.<\/p>\n","protected":false},"excerpt":{"rendered":"<p>Kullan\u0131ma haz\u0131r, steril lavman uygulama seti.<\/p>\n<p>\u00d6l\u00e7\u00fcler:<\/p>\n<p>Hacim: 250 ml \u2013 1000 ml<\/p>\n<p>U\u00e7: Rektal t\u00fcp + kapakl\u0131 set<\/p>\n","protected":false},"featured_media":7314,"template":"","meta":[],"product_brand":[],"product_cat":[1670],"product_tag":[1451,1455,1357,1457,1456,1449,1453,1450,1452,1454],"class_list":{"0":"post-7991","1":"product","2":"type-product","3":"status-publish","4":"has-post-thumbnail","6":"product_cat-genel-sarf","7":"product_tag-bagirsak-bosaltici","8":"product_tag-evde-bakim-sarfi","9":"product_tag-hasta-bakim-urunu","10":"product_tag-hijyenik-temizlik-seti","11":"product_tag-klinik-lavman-seti","12":"product_tag-lavman-seti","13":"product_tag-medikal-lavman-torbasi","14":"product_tag-rektal-temizleme-seti","15":"product_tag-steril-lavman-aparati","16":"product_tag-tek-kullanimlik-lavman","18":"first","19":"instock","20":"shipping-taxable","21":"product-type-simple"},"_links":{"self":[{"href":"https:\/\/berha.org\/en\/wp-json\/wp\/v2\/product\/7991","targetHints":{"allow":["GET"]}}],"collection":[{"href":"https:\/\/berha.org\/en\/wp-json\/wp\/v2\/product"}],"about":[{"href":"https:\/\/berha.org\/en\/wp-json\/wp\/v2\/types\/product"}],"wp:featuredmedia":[{"embeddable":true,"href":"https:\/\/berha.org\/en\/wp-json\/wp\/v2\/media\/7314"}],"wp:attachment":[{"href":"https:\/\/berha.org\/en\/wp-json\/wp\/v2\/media?parent=7991"}],"wp:term":[{"taxonomy":"product_brand","embeddable":true,"href":"https:\/\/berha.org\/en\/wp-json\/wp\/v2\/product_brand?post=7991"},{"taxonomy":"product_cat","embeddable":true,"href":"https:\/\/berha.org\/en\/wp-json\/wp\/v2\/product_cat?post=7991"},{"taxonomy":"product_tag","embeddable":true,"href":"https:\/\/berha.org\/en\/wp-json\/wp\/v2\/product_tag?post=7991"}],"curies":[{"name":"wp","href":"https:\/\/api.w.org\/{rel}","templated":true}]}}