{"id":7989,"date":"2025-07-20T22:49:31","date_gmt":"2025-07-20T19:49:31","guid":{"rendered":"https:\/\/berha.org\/en\/?post_type=product&#038;p=7989"},"modified":"2025-07-20T22:49:35","modified_gmt":"2025-07-20T19:49:35","slug":"sterilizasyon-rulosu","status":"publish","type":"product","link":"https:\/\/berha.org\/en\/urun\/sterilizasyon-rulosu\/","title":{"rendered":"Sterilizasyon Rulosu"},"content":{"rendered":"<p>Sterilizasyon Rulosu, cerrahi aletlerin ve medikal \u00fcr\u00fcnlerin otoklav, gaz ya da buhar sterilizasyonuna uygun olarak sar\u0131lmas\u0131 ve g\u00fcvenle muhafaza edilmesi i\u00e7in kullan\u0131lan \u00f6zel yap\u0131l\u0131 ambalaj \u00fcr\u00fcn\u00fcd\u00fcr. Bir taraf\u0131 \u00f6zel medikal kraft k\u00e2\u011f\u0131ttan, di\u011fer taraf\u0131 \u015feffaf filmden olu\u015fur. Bu yap\u0131, hem i\u00e7erik g\u00f6r\u00fcn\u00fcrl\u00fc\u011f\u00fc hem de s\u0131zd\u0131rmazl\u0131k sa\u011flar. Rulo halinde sunulmas\u0131, kullan\u0131c\u0131ya istedi\u011fi uzunlukta keserek esnek kullan\u0131m imk\u00e2n\u0131 tan\u0131r. \u00dczerindeki renk de\u011fi\u015fimi sa\u011flayan g\u00f6stergeler ile sterilizasyon kontrol\u00fc kolayl\u0131kla yap\u0131labilir.<\/p>\n","protected":false},"excerpt":{"rendered":"<p>Rulo formda, \u0131s\u0131ya dayan\u0131kl\u0131, \u00e7ok katmanl\u0131 sterilizasyon ambalaj\u0131.<\/p>\n<p>\u00d6l\u00e7\u00fcler:<\/p>\n<p>Geni\u015flik: 5 cm \u2013 30 cm aras\u0131<\/p>\n<p>Uzunluk: 100 m<\/p>\n<p>Malzeme: Medikal k\u00e2\u011f\u0131t + polyester\/PE film<\/p>\n","protected":false},"featured_media":7311,"template":"","meta":[],"product_brand":[],"product_cat":[1670],"product_tag":[1435,1436,1434,1438,1433,1432,1249,1437,1431,1439],"class_list":{"0":"post-7989","1":"product","2":"type-product","3":"status-publish","4":"has-post-thumbnail","6":"product_cat-genel-sarf","7":"product_tag-buharli-sterilizasyon-rulolari","8":"product_tag-cerrahi-alet-paketleme","9":"product_tag-gaz-steril-ambalaji","10":"product_tag-medikal-kagit","11":"product_tag-medikal-rulo-ambalaj","12":"product_tag-otoklav-ambalaji","13":"product_tag-saglik-sarf","14":"product_tag-steril-ambalaj-filmi","15":"product_tag-sterilizasyon-rulosu","16":"product_tag-tek-kullanimlik-steril-ambalaj","18":"first","19":"instock","20":"shipping-taxable","21":"product-type-simple"},"_links":{"self":[{"href":"https:\/\/berha.org\/en\/wp-json\/wp\/v2\/product\/7989","targetHints":{"allow":["GET"]}}],"collection":[{"href":"https:\/\/berha.org\/en\/wp-json\/wp\/v2\/product"}],"about":[{"href":"https:\/\/berha.org\/en\/wp-json\/wp\/v2\/types\/product"}],"wp:featuredmedia":[{"embeddable":true,"href":"https:\/\/berha.org\/en\/wp-json\/wp\/v2\/media\/7311"}],"wp:attachment":[{"href":"https:\/\/berha.org\/en\/wp-json\/wp\/v2\/media?parent=7989"}],"wp:term":[{"taxonomy":"product_brand","embeddable":true,"href":"https:\/\/berha.org\/en\/wp-json\/wp\/v2\/product_brand?post=7989"},{"taxonomy":"product_cat","embeddable":true,"href":"https:\/\/berha.org\/en\/wp-json\/wp\/v2\/product_cat?post=7989"},{"taxonomy":"product_tag","embeddable":true,"href":"https:\/\/berha.org\/en\/wp-json\/wp\/v2\/product_tag?post=7989"}],"curies":[{"name":"wp","href":"https:\/\/api.w.org\/{rel}","templated":true}]}}