{"id":7987,"date":"2025-07-20T22:49:31","date_gmt":"2025-07-20T19:49:31","guid":{"rendered":"https:\/\/berha.org\/en\/?post_type=product&#038;p=7987"},"modified":"2025-07-20T22:49:34","modified_gmt":"2025-07-20T19:49:34","slug":"alkollu-swap-mendil","status":"publish","type":"product","link":"https:\/\/berha.org\/en\/urun\/alkollu-swap-mendil\/","title":{"rendered":"Alkoll\u00fc Swap Mendil"},"content":{"rendered":"<p>Alkoll\u00fc Swap Mendiller, enjeksiyon veya cerrahi m\u00fcdahaleler \u00f6ncesi cilt y\u00fczeyini dezenfekte etmek amac\u0131yla kullan\u0131lan, %70 oran\u0131nda izopropil alkol i\u00e7eren steril mendillerdir. K\u00fc\u00e7\u00fck ebatl\u0131, tek tek paketlenmi\u015f yap\u0131s\u0131yla hijyenik ve pratiktir. Kliniklerde, hastanelerde, evde enjeksiyon uygulamalar\u0131nda g\u00fcvenle kullan\u0131l\u0131r. H\u0131zl\u0131 kurur, cilt \u00fczerinde kal\u0131nt\u0131 b\u0131rakmaz. Ayr\u0131ca k\u00fc\u00e7\u00fck y\u00fczey temizliklerinde de tercih edilebilir. Enfeksiyon riskini azalt\u0131r ve kullan\u0131c\u0131ya kullan\u0131m kolayl\u0131\u011f\u0131 sunar.<\/p>\n","protected":false},"excerpt":{"rendered":"<p>70% izopropil alkol i\u00e7eren, tek kullan\u0131ml\u0131k steril mendil.<\/p>\n<p>\u00d6l\u00e7\u00fcler:<\/p>\n<p>6&#215;3 cm, 6&#215;6 cm<\/p>\n<p>Paket: 100\u2019l\u00fc kutular<\/p>\n","protected":false},"featured_media":7309,"template":"","meta":[],"product_brand":[],"product_cat":[1670],"product_tag":[1415,1419,1357,1406,1418,1420,1249,1417,1416,1421],"class_list":{"0":"post-7987","1":"product","2":"type-product","3":"status-publish","4":"has-post-thumbnail","6":"product_cat-genel-sarf","7":"product_tag-alkollu-mendil","8":"product_tag-enjeksiyon-oncesi-dezenfeksiyon","9":"product_tag-hasta-bakim-urunu","10":"product_tag-hijyen-ekipmani","11":"product_tag-izopropil-alkol-mendili","12":"product_tag-medikal-mendil","13":"product_tag-saglik-sarf","14":"product_tag-steril-temizleme-bezi","15":"product_tag-swap-mendil","16":"product_tag-tek-kullanimlik-antiseptik-bez","18":"first","19":"instock","20":"shipping-taxable","21":"product-type-simple"},"_links":{"self":[{"href":"https:\/\/berha.org\/en\/wp-json\/wp\/v2\/product\/7987","targetHints":{"allow":["GET"]}}],"collection":[{"href":"https:\/\/berha.org\/en\/wp-json\/wp\/v2\/product"}],"about":[{"href":"https:\/\/berha.org\/en\/wp-json\/wp\/v2\/types\/product"}],"wp:featuredmedia":[{"embeddable":true,"href":"https:\/\/berha.org\/en\/wp-json\/wp\/v2\/media\/7309"}],"wp:attachment":[{"href":"https:\/\/berha.org\/en\/wp-json\/wp\/v2\/media?parent=7987"}],"wp:term":[{"taxonomy":"product_brand","embeddable":true,"href":"https:\/\/berha.org\/en\/wp-json\/wp\/v2\/product_brand?post=7987"},{"taxonomy":"product_cat","embeddable":true,"href":"https:\/\/berha.org\/en\/wp-json\/wp\/v2\/product_cat?post=7987"},{"taxonomy":"product_tag","embeddable":true,"href":"https:\/\/berha.org\/en\/wp-json\/wp\/v2\/product_tag?post=7987"}],"curies":[{"name":"wp","href":"https:\/\/api.w.org\/{rel}","templated":true}]}}