{"id":7986,"date":"2025-07-20T22:49:31","date_gmt":"2025-07-20T19:49:31","guid":{"rendered":"https:\/\/berha.org\/en\/?post_type=product&#038;p=7986"},"modified":"2025-07-20T22:49:34","modified_gmt":"2025-07-20T19:49:34","slug":"abeslang-dil-basacagi","status":"publish","type":"product","link":"https:\/\/berha.org\/en\/urun\/abeslang-dil-basacagi\/","title":{"rendered":"Abeslang (Dil Basaca\u011f\u0131)"},"content":{"rendered":"<p>Abeslang, a\u011f\u0131z i\u00e7i muayenelerde dilin sabitlenmesini sa\u011flayarak bo\u011faz ve a\u011f\u0131z yap\u0131s\u0131n\u0131n net \u015fekilde incelenmesine yard\u0131mc\u0131 olan medikal bir muayene aparat\u0131d\u0131r. Genellikle steril ambalajlarda sunulan abeslanglar, \u00f6zellikle KBB, acil servis ve di\u015f kliniklerinde kullan\u0131l\u0131r. Ah\u015fap modeller, do\u011fal yap\u0131lar\u0131yla konfor sa\u011flarken plastik modeller esnek yap\u0131lar\u0131yla tercih edilmektedir. Yeti\u015fkin ve pediatrik kullan\u0131m i\u00e7in farkl\u0131 kal\u0131nl\u0131k ve uzunluk se\u00e7enekleri mevcuttur. Her muayene sonras\u0131 at\u0131larak \u00e7apraz enfeksiyon riskini minimuma indirir.<\/p>\n","protected":false},"excerpt":{"rendered":"<p>Ah\u015fap ya da plastik, tek kullan\u0131ml\u0131k dil basaca\u011f\u0131 modelleri.<\/p>\n<p>\u00d6l\u00e7\u00fcler:<\/p>\n<p>Uzunluk: 150 mm<\/p>\n<p>Geni\u015flik: 18 mm<\/p>\n<p>Malzeme: Ah\u015fap veya plastik<\/p>\n","protected":false},"featured_media":7308,"template":"","meta":[],"product_brand":[],"product_cat":[1670],"product_tag":[1407,1409,1410,1408,1412,1389,1411,1202,1414,1413],"class_list":{"0":"post-7986","1":"product","2":"type-product","3":"status-publish","4":"has-post-thumbnail","6":"product_cat-genel-sarf","7":"product_tag-abeslang","8":"product_tag-agiz-muayene-cubugu","9":"product_tag-ahsap-abeslang","10":"product_tag-dil-basacagi","11":"product_tag-kbb-ekipmani","12":"product_tag-muayene-sarfi","13":"product_tag-plastik-dil-basacagi","14":"product_tag-saglik-ekipmani","15":"product_tag-steril-medikal-malzeme","16":"product_tag-tek-kullanimlik-abeslang","18":"first","19":"instock","20":"shipping-taxable","21":"product-type-simple"},"_links":{"self":[{"href":"https:\/\/berha.org\/en\/wp-json\/wp\/v2\/product\/7986","targetHints":{"allow":["GET"]}}],"collection":[{"href":"https:\/\/berha.org\/en\/wp-json\/wp\/v2\/product"}],"about":[{"href":"https:\/\/berha.org\/en\/wp-json\/wp\/v2\/types\/product"}],"wp:featuredmedia":[{"embeddable":true,"href":"https:\/\/berha.org\/en\/wp-json\/wp\/v2\/media\/7308"}],"wp:attachment":[{"href":"https:\/\/berha.org\/en\/wp-json\/wp\/v2\/media?parent=7986"}],"wp:term":[{"taxonomy":"product_brand","embeddable":true,"href":"https:\/\/berha.org\/en\/wp-json\/wp\/v2\/product_brand?post=7986"},{"taxonomy":"product_cat","embeddable":true,"href":"https:\/\/berha.org\/en\/wp-json\/wp\/v2\/product_cat?post=7986"},{"taxonomy":"product_tag","embeddable":true,"href":"https:\/\/berha.org\/en\/wp-json\/wp\/v2\/product_tag?post=7986"}],"curies":[{"name":"wp","href":"https:\/\/api.w.org\/{rel}","templated":true}]}}