{"id":7985,"date":"2025-07-20T22:49:31","date_gmt":"2025-07-20T19:49:31","guid":{"rendered":"https:\/\/berha.org\/en\/?post_type=product&#038;p=7985"},"modified":"2025-07-20T22:49:34","modified_gmt":"2025-07-20T19:49:34","slug":"tibbi-atik-kovasi","status":"publish","type":"product","link":"https:\/\/berha.org\/en\/urun\/tibbi-atik-kovasi\/","title":{"rendered":"T\u0131bbi At\u0131k Kovas\u0131"},"content":{"rendered":"<p>T\u0131bbi At\u0131k Kovas\u0131, hastanelerde, kliniklerde ve laboratuvar ortamlar\u0131nda olu\u015fan enfekte veya tehlikeli at\u0131klar\u0131n g\u00fcvenli \u015fekilde toplanmas\u0131n\u0131 ve bertaraf s\u00fcrecine uygun \u015fekilde muhafaza edilmesini sa\u011flar. Farkl\u0131 renk se\u00e7enekleri sayesinde at\u0131k t\u00fcrlerine g\u00f6re s\u0131n\u0131fland\u0131rma yap\u0131labilir (\u00f6rne\u011fin enfekte, kesici-delici, kimyasal). Kapakl\u0131 yap\u0131s\u0131 k\u00f6t\u00fc kokular\u0131n yay\u0131lmas\u0131n\u0131 ve bula\u015f riskini azalt\u0131r. Pedall\u0131 veya manuel a\u00e7\u0131l\u0131r kapak se\u00e7enekleri mevcuttur. Kolay ta\u015f\u0131nabilir ve dayan\u0131kl\u0131d\u0131r. EN ISO 23907 standard\u0131na uygun \u00fcretim sa\u011flar.<\/p>\n","protected":false},"excerpt":{"rendered":"<p>T\u0131bbi at\u0131klar\u0131n g\u00fcvenli \u015fekilde toplanmas\u0131 i\u00e7in \u00f6zel tasarlanm\u0131\u015f medikal at\u0131k kovalar\u0131.<\/p>\n<p>\u00d6l\u00e7\u00fcler:<\/p>\n<p>Hacim: 5 L, 10 L, 20 L, 50 L<\/p>\n<p>Renk: K\u0131rm\u0131z\u0131, sar\u0131, mavi (at\u0131k t\u00fcr\u00fcne g\u00f6re)<\/p>\n","protected":false},"featured_media":7307,"template":"","meta":[],"product_brand":[],"product_cat":[1670],"product_tag":[1403,1405,1400,1401,1406,1404,1399,1402,1249,1398],"class_list":{"0":"post-7985","1":"product","2":"type-product","3":"status-publish","4":"has-post-thumbnail","6":"product_cat-genel-sarf","7":"product_tag-atik-siniflandirma-kovasi","8":"product_tag-enfeksiyon-kontrol-urunleri","9":"product_tag-enfekte-atik-kabi","10":"product_tag-hastane-cop-kutusu","11":"product_tag-hijyen-ekipmani","12":"product_tag-kesici-delici-atik-kabi","13":"product_tag-medikal-atik-kutusu","14":"product_tag-saglik-atik-ekipmani","15":"product_tag-saglik-sarf","16":"product_tag-tibbi-atik-kovasi","18":"first","19":"instock","20":"shipping-taxable","21":"product-type-simple"},"_links":{"self":[{"href":"https:\/\/berha.org\/en\/wp-json\/wp\/v2\/product\/7985","targetHints":{"allow":["GET"]}}],"collection":[{"href":"https:\/\/berha.org\/en\/wp-json\/wp\/v2\/product"}],"about":[{"href":"https:\/\/berha.org\/en\/wp-json\/wp\/v2\/types\/product"}],"wp:featuredmedia":[{"embeddable":true,"href":"https:\/\/berha.org\/en\/wp-json\/wp\/v2\/media\/7307"}],"wp:attachment":[{"href":"https:\/\/berha.org\/en\/wp-json\/wp\/v2\/media?parent=7985"}],"wp:term":[{"taxonomy":"product_brand","embeddable":true,"href":"https:\/\/berha.org\/en\/wp-json\/wp\/v2\/product_brand?post=7985"},{"taxonomy":"product_cat","embeddable":true,"href":"https:\/\/berha.org\/en\/wp-json\/wp\/v2\/product_cat?post=7985"},{"taxonomy":"product_tag","embeddable":true,"href":"https:\/\/berha.org\/en\/wp-json\/wp\/v2\/product_tag?post=7985"}],"curies":[{"name":"wp","href":"https:\/\/api.w.org\/{rel}","templated":true}]}}