{"id":7984,"date":"2025-07-20T22:49:31","date_gmt":"2025-07-20T19:49:31","guid":{"rendered":"https:\/\/berha.org\/en\/?post_type=product&#038;p=7984"},"modified":"2025-07-20T22:49:33","modified_gmt":"2025-07-20T19:49:33","slug":"ilac-kadehi","status":"publish","type":"product","link":"https:\/\/berha.org\/en\/urun\/ilac-kadehi\/","title":{"rendered":"\u0130la\u00e7 Kadehi"},"content":{"rendered":"<p>\u0130la\u00e7 Kadehi, s\u0131v\u0131 veya ezilmi\u015f tablet formundaki ila\u00e7lar\u0131n do\u011fru dozlarda verilmesini kolayla\u015ft\u0131rmak i\u00e7in kullan\u0131lan, genellikle polipropilenden \u00fcretilmi\u015f tek kullan\u0131ml\u0131k medikal yard\u0131mc\u0131 \u00fcr\u00fcnd\u00fcr. \u00dczerinde net \u015fekilde okunabilen mililitre cinsinden \u00f6l\u00e7\u00fcm \u00e7izgileri bulunur ve bu sayede ila\u00e7lar\u0131n do\u011fru dozlanmas\u0131n\u0131 sa\u011flar. \u015eeffaf yap\u0131s\u0131yla s\u0131v\u0131 seviyesi kolayca takip edilebilir. \u00c7ocuk ve ya\u015fl\u0131 hastalarda ila\u00e7 uygulamas\u0131n\u0131 kolayla\u015ft\u0131r\u0131r. Enfeksiyon riskine kar\u015f\u0131 her kullan\u0131m sonras\u0131 at\u0131lacak \u015fekilde tasarlanm\u0131\u015ft\u0131r. Kliniklerde, hastanelerde, evde bak\u0131m hizmetlerinde g\u00fcvenle tercih edilir.<\/p>\n","protected":false},"excerpt":{"rendered":"<p>\u015eeffaf, milimetrik \u00f6l\u00e7\u00fcml\u00fc, tek kullan\u0131ml\u0131k ila\u00e7 dozlama kadehleri.<\/p>\n<p>\u00d6l\u00e7\u00fcler:<\/p>\n<p>Hacim: 30 ml \u2013 60 ml<\/p>\n<p>Malzeme: Polipropilen (PP)<\/p>\n","protected":false},"featured_media":7284,"template":"","meta":[],"product_brand":[],"product_cat":[1670],"product_tag":[1391,1396,1390,1393,1379,1395,1392,1249,1397,1394],"class_list":{"0":"post-7984","1":"product","2":"type-product","3":"status-publish","4":"has-post-thumbnail","6":"product_cat-genel-sarf","7":"product_tag-dozaj-kabi","8":"product_tag-hasta-bakim-urunleri","9":"product_tag-ilac-kadehi","10":"product_tag-medikal-doz-kabi","11":"product_tag-medikal-plastik-urun","12":"product_tag-milimetrik-olcu-bardagi","13":"product_tag-olcu-bardagi","14":"product_tag-saglik-sarf","15":"product_tag-seffaf-olcu-kabi","16":"product_tag-tek-kullanimlik-ilac-kabi","18":"first","19":"instock","20":"shipping-taxable","21":"product-type-simple"},"_links":{"self":[{"href":"https:\/\/berha.org\/en\/wp-json\/wp\/v2\/product\/7984","targetHints":{"allow":["GET"]}}],"collection":[{"href":"https:\/\/berha.org\/en\/wp-json\/wp\/v2\/product"}],"about":[{"href":"https:\/\/berha.org\/en\/wp-json\/wp\/v2\/types\/product"}],"wp:featuredmedia":[{"embeddable":true,"href":"https:\/\/berha.org\/en\/wp-json\/wp\/v2\/media\/7284"}],"wp:attachment":[{"href":"https:\/\/berha.org\/en\/wp-json\/wp\/v2\/media?parent=7984"}],"wp:term":[{"taxonomy":"product_brand","embeddable":true,"href":"https:\/\/berha.org\/en\/wp-json\/wp\/v2\/product_brand?post=7984"},{"taxonomy":"product_cat","embeddable":true,"href":"https:\/\/berha.org\/en\/wp-json\/wp\/v2\/product_cat?post=7984"},{"taxonomy":"product_tag","embeddable":true,"href":"https:\/\/berha.org\/en\/wp-json\/wp\/v2\/product_tag?post=7984"}],"curies":[{"name":"wp","href":"https:\/\/api.w.org\/{rel}","templated":true}]}}