{"id":7983,"date":"2025-07-20T22:49:19","date_gmt":"2025-07-20T19:49:19","guid":{"rendered":"https:\/\/berha.org\/en\/?post_type=product&#038;p=7983"},"modified":"2025-07-20T22:49:30","modified_gmt":"2025-07-20T19:49:30","slug":"otoskop-ucu","status":"publish","type":"product","link":"https:\/\/berha.org\/en\/urun\/otoskop-ucu\/","title":{"rendered":"Otoskop Ucu"},"content":{"rendered":"<p>Otoskop U\u00e7lar\u0131, kulak i\u00e7i muayenelerinde kullan\u0131lan otoskop cihazlar\u0131na tak\u0131larak, hastalar aras\u0131nda \u00e7apraz kontaminasyonu \u00f6nlemeye yard\u0131mc\u0131 olan tek kullan\u0131ml\u0131k, steril medikal aparatlard\u0131r. Pediatrik ve yeti\u015fkin hastalar i\u00e7in uygun farkl\u0131 \u00e7ap se\u00e7enekleri sayesinde her kullan\u0131c\u0131ya \u00f6zel \u00e7\u00f6z\u00fcm sunar. \u015eeffaf ya da siyah renkte \u00fcretilebilen u\u00e7lar, otoskop ba\u015fl\u0131\u011f\u0131na kolayca tak\u0131l\u0131p \u00e7\u0131kar\u0131labilir yap\u0131dad\u0131r. Kulak zar\u0131n\u0131 net \u015fekilde g\u00f6r\u00fcnt\u00fclemeye yard\u0131mc\u0131 olur. Kliniklerde, hastanelerde ve \u00f6zel muayenehanelerde g\u00fcvenle kullan\u0131labilir.<\/p>\n","protected":false},"excerpt":{"rendered":"<p>Farkl\u0131 boyutlarda, otoskop cihazlar\u0131yla tam uyumlu, steril otoskop u\u00e7lar\u0131.<\/p>\n<p>\u00d6l\u00e7\u00fcler:<\/p>\n<p>\u00c7ap: 2.5 mm, 3 mm, 4 mm, 5 mm<\/p>\n<p>Paket: 100\u2019l\u00fc<\/p>\n","protected":false},"featured_media":7282,"template":"","meta":[],"product_brand":[],"product_cat":[1670],"product_tag":[1387,1382,471,1386,1389,1383,1381,1384,1385,1388],"class_list":{"0":"post-7983","1":"product","2":"type-product","3":"status-publish","4":"has-post-thumbnail","6":"product_cat-genel-sarf","7":"product_tag-doktor-malzemeleri","8":"product_tag-kulak-muayene-basligi","9":"product_tag-medikal-sarf","10":"product_tag-muayene-basligi","11":"product_tag-muayene-sarfi","12":"product_tag-otoskop-adaptoru","13":"product_tag-otoskop-ucu","14":"product_tag-pediatrik-otoskop-ucu","15":"product_tag-steril-muayene-ekipmani","16":"product_tag-tek-kullanimlik-otoskop-aparati","18":"first","19":"instock","20":"shipping-taxable","21":"product-type-simple"},"_links":{"self":[{"href":"https:\/\/berha.org\/en\/wp-json\/wp\/v2\/product\/7983","targetHints":{"allow":["GET"]}}],"collection":[{"href":"https:\/\/berha.org\/en\/wp-json\/wp\/v2\/product"}],"about":[{"href":"https:\/\/berha.org\/en\/wp-json\/wp\/v2\/types\/product"}],"wp:featuredmedia":[{"embeddable":true,"href":"https:\/\/berha.org\/en\/wp-json\/wp\/v2\/media\/7282"}],"wp:attachment":[{"href":"https:\/\/berha.org\/en\/wp-json\/wp\/v2\/media?parent=7983"}],"wp:term":[{"taxonomy":"product_brand","embeddable":true,"href":"https:\/\/berha.org\/en\/wp-json\/wp\/v2\/product_brand?post=7983"},{"taxonomy":"product_cat","embeddable":true,"href":"https:\/\/berha.org\/en\/wp-json\/wp\/v2\/product_cat?post=7983"},{"taxonomy":"product_tag","embeddable":true,"href":"https:\/\/berha.org\/en\/wp-json\/wp\/v2\/product_tag?post=7983"}],"curies":[{"name":"wp","href":"https:\/\/api.w.org\/{rel}","templated":true}]}}