{"id":7982,"date":"2025-07-20T22:49:19","date_gmt":"2025-07-20T19:49:19","guid":{"rendered":"https:\/\/berha.org\/en\/?post_type=product&#038;p=7982"},"modified":"2025-07-20T22:49:29","modified_gmt":"2025-07-20T19:49:29","slug":"bobrek-kuveti","status":"publish","type":"product","link":"https:\/\/berha.org\/en\/urun\/bobrek-kuveti\/","title":{"rendered":"B\u00f6brek K\u00fcveti"},"content":{"rendered":"<p>S\u0131v\u0131 toplama ve at\u0131k y\u00f6netimi i\u00e7in kullan\u0131lan b\u00f6brek \u015feklindeki bu k\u00fcvetler, hem hastalar hem de sa\u011fl\u0131k \u00e7al\u0131\u015fanlar\u0131 i\u00e7in olduk\u00e7a pratiktir. Tek kullan\u0131ml\u0131k veya y\u0131kanabilir modelleri bulunur. Kaymaz y\u00fczeylidir.<\/p>\n","protected":false},"excerpt":{"rendered":"<p>Polipropilen yap\u0131l\u0131, dayan\u0131kl\u0131 b\u00f6brek k\u00fcveti.<\/p>\n<p>\u00d6l\u00e7\u00fcler:<\/p>\n<p>Boyut: 250 ml \u2013 1000 ml aras\u0131<\/p>\n","protected":false},"featured_media":7281,"template":"","meta":[],"product_brand":[],"product_cat":[1670],"product_tag":[1374,1377,1380,1378,998,1375,1379,572,1376,1301],"class_list":{"0":"post-7982","1":"product","2":"type-product","3":"status-publish","4":"has-post-thumbnail","6":"product_cat-genel-sarf","7":"product_tag-bobrek-kuveti","8":"product_tag-hasta-malzemesi","9":"product_tag-hastane-urunu","10":"product_tag-hijyen-kabi","11":"product_tag-klinik-ekipman","12":"product_tag-medikal-kuvet","13":"product_tag-medikal-plastik-urun","14":"product_tag-saglik-sarf-malzemesi","15":"product_tag-sivi-toplama-kabi","16":"product_tag-tibbi-urun","18":"first","19":"instock","20":"shipping-taxable","21":"product-type-simple"},"_links":{"self":[{"href":"https:\/\/berha.org\/en\/wp-json\/wp\/v2\/product\/7982","targetHints":{"allow":["GET"]}}],"collection":[{"href":"https:\/\/berha.org\/en\/wp-json\/wp\/v2\/product"}],"about":[{"href":"https:\/\/berha.org\/en\/wp-json\/wp\/v2\/types\/product"}],"wp:featuredmedia":[{"embeddable":true,"href":"https:\/\/berha.org\/en\/wp-json\/wp\/v2\/media\/7281"}],"wp:attachment":[{"href":"https:\/\/berha.org\/en\/wp-json\/wp\/v2\/media?parent=7982"}],"wp:term":[{"taxonomy":"product_brand","embeddable":true,"href":"https:\/\/berha.org\/en\/wp-json\/wp\/v2\/product_brand?post=7982"},{"taxonomy":"product_cat","embeddable":true,"href":"https:\/\/berha.org\/en\/wp-json\/wp\/v2\/product_cat?post=7982"},{"taxonomy":"product_tag","embeddable":true,"href":"https:\/\/berha.org\/en\/wp-json\/wp\/v2\/product_tag?post=7982"}],"curies":[{"name":"wp","href":"https:\/\/api.w.org\/{rel}","templated":true}]}}