{"id":7981,"date":"2025-07-20T22:49:19","date_gmt":"2025-07-20T19:49:19","guid":{"rendered":"https:\/\/berha.org\/en\/?post_type=product&#038;p=7981"},"modified":"2025-07-20T22:49:29","modified_gmt":"2025-07-20T19:49:29","slug":"hasta-bilekligi","status":"publish","type":"product","link":"https:\/\/berha.org\/en\/urun\/hasta-bilekligi\/","title":{"rendered":"Hasta Bilekli\u011fi"},"content":{"rendered":"<p>Kimlik do\u011frulamas\u0131 i\u00e7in kullan\u0131lan hasta bileklikleri, suya ve y\u0131rt\u0131lmaya dayan\u0131kl\u0131d\u0131r. Farkl\u0131 renk se\u00e7enekleriyle hasta gruplar\u0131n\u0131 kolayca ay\u0131rmay\u0131 sa\u011flar. Klipsli veya yap\u0131\u015fkanl\u0131 modellerle uyumludur.<\/p>\n","protected":false},"excerpt":{"rendered":"<p>Kolay yaz\u0131labilir, renkli hasta bileklikleri.<\/p>\n<p>\u00d6l\u00e7\u00fcler:<\/p>\n<p>Ayarlanabilir uzunluk<\/p>\n<p>Renk: Mavi, k\u0131rm\u0131z\u0131, sar\u0131, pembe, ye\u015fil<\/p>\n","protected":false},"featured_media":7279,"template":"","meta":[],"product_brand":[],"product_cat":[1670],"product_tag":[1366,1371,1370,1346,1369,1358,1368,1367,1373,1372],"class_list":{"0":"post-7981","1":"product","2":"type-product","3":"status-publish","4":"has-post-thumbnail","6":"product_cat-genel-sarf","7":"product_tag-hasta-bilekligi","8":"product_tag-hasta-tanima","9":"product_tag-hastane-ekipmani","10":"product_tag-hijyen-urunu","11":"product_tag-kimlik-dogrulama","12":"product_tag-klinik-malzeme","13":"product_tag-medikal-bileklik","14":"product_tag-renkli-bileklik","15":"product_tag-saglik-guvenligi","16":"product_tag-tek-kullanimlik-bileklik","18":"first","19":"instock","20":"shipping-taxable","21":"product-type-simple"},"_links":{"self":[{"href":"https:\/\/berha.org\/en\/wp-json\/wp\/v2\/product\/7981","targetHints":{"allow":["GET"]}}],"collection":[{"href":"https:\/\/berha.org\/en\/wp-json\/wp\/v2\/product"}],"about":[{"href":"https:\/\/berha.org\/en\/wp-json\/wp\/v2\/types\/product"}],"wp:featuredmedia":[{"embeddable":true,"href":"https:\/\/berha.org\/en\/wp-json\/wp\/v2\/media\/7279"}],"wp:attachment":[{"href":"https:\/\/berha.org\/en\/wp-json\/wp\/v2\/media?parent=7981"}],"wp:term":[{"taxonomy":"product_brand","embeddable":true,"href":"https:\/\/berha.org\/en\/wp-json\/wp\/v2\/product_brand?post=7981"},{"taxonomy":"product_cat","embeddable":true,"href":"https:\/\/berha.org\/en\/wp-json\/wp\/v2\/product_cat?post=7981"},{"taxonomy":"product_tag","embeddable":true,"href":"https:\/\/berha.org\/en\/wp-json\/wp\/v2\/product_tag?post=7981"}],"curies":[{"name":"wp","href":"https:\/\/api.w.org\/{rel}","templated":true}]}}