{"id":7980,"date":"2025-07-20T22:49:19","date_gmt":"2025-07-20T19:49:19","guid":{"rendered":"https:\/\/berha.org\/en\/?post_type=product&#038;p=7980"},"modified":"2025-07-20T22:49:29","modified_gmt":"2025-07-20T19:49:29","slug":"koruyucu-tulum","status":"publish","type":"product","link":"https:\/\/berha.org\/en\/urun\/koruyucu-tulum\/","title":{"rendered":"Koruyucu Tulum"},"content":{"rendered":"<p>Koruyucu Tulum, hastane ve klinik ortamlar\u0131nda sa\u011fl\u0131k personelini enfeksiyon ve kimyasal maddelerden koruyan, nefes alabilir ve dayan\u0131kl\u0131 malzemeden \u00fcretilmi\u015f medikal k\u0131yafettir. Steril veya non-steril se\u00e7enekleri mevcuttur. Tek kullan\u0131ml\u0131k ve hijyeniktir.<\/p>\n","protected":false},"excerpt":{"rendered":"<p>Steril ve non-steril se\u00e7eneklerde, tam koruma sa\u011flayan medikal koruyucu tulumlar.<\/p>\n<p>\u00d6l\u00e7\u00fcler:<\/p>\n<p>Standart beden: S, M, L, XL<\/p>\n","protected":false},"featured_media":7278,"template":"","meta":[],"product_brand":[],"product_cat":[1673],"product_tag":[1356,1248,1365,1359,1360,1363,1361,1249,1362,1364],"class_list":{"0":"post-7980","1":"product","2":"type-product","3":"status-publish","4":"has-post-thumbnail","6":"product_cat-ameliyathane-ortu-setleri","7":"product_tag-enfeksiyon-kontrol","8":"product_tag-hasta-bakim","9":"product_tag-klinik-kiyafet","10":"product_tag-koruyucu-tulum","11":"product_tag-medikal-tulum","12":"product_tag-non-steril-tulum","13":"product_tag-saglik-personeli-koruma","14":"product_tag-saglik-sarf","15":"product_tag-steril-tulum","16":"product_tag-tek-kullanimlik-tulum","18":"first","19":"instock","20":"shipping-taxable","21":"product-type-simple"},"_links":{"self":[{"href":"https:\/\/berha.org\/en\/wp-json\/wp\/v2\/product\/7980","targetHints":{"allow":["GET"]}}],"collection":[{"href":"https:\/\/berha.org\/en\/wp-json\/wp\/v2\/product"}],"about":[{"href":"https:\/\/berha.org\/en\/wp-json\/wp\/v2\/types\/product"}],"wp:featuredmedia":[{"embeddable":true,"href":"https:\/\/berha.org\/en\/wp-json\/wp\/v2\/media\/7278"}],"wp:attachment":[{"href":"https:\/\/berha.org\/en\/wp-json\/wp\/v2\/media?parent=7980"}],"wp:term":[{"taxonomy":"product_brand","embeddable":true,"href":"https:\/\/berha.org\/en\/wp-json\/wp\/v2\/product_brand?post=7980"},{"taxonomy":"product_cat","embeddable":true,"href":"https:\/\/berha.org\/en\/wp-json\/wp\/v2\/product_cat?post=7980"},{"taxonomy":"product_tag","embeddable":true,"href":"https:\/\/berha.org\/en\/wp-json\/wp\/v2\/product_tag?post=7980"}],"curies":[{"name":"wp","href":"https:\/\/api.w.org\/{rel}","templated":true}]}}