{"id":7979,"date":"2025-07-20T22:49:19","date_gmt":"2025-07-20T19:49:19","guid":{"rendered":"https:\/\/berha.org\/en\/?post_type=product&#038;p=7979"},"modified":"2025-07-20T22:49:28","modified_gmt":"2025-07-20T19:49:28","slug":"hasta-onlugu","status":"publish","type":"product","link":"https:\/\/berha.org\/en\/urun\/hasta-onlugu\/","title":{"rendered":"Hasta \u00d6nl\u00fc\u011f\u00fc"},"content":{"rendered":"<p>Hasta \u00d6nl\u00fc\u011f\u00fc, klinik ve hastane ortamlar\u0131nda hasta hijyenini ve enfeksiyon kontrol\u00fcn\u00fc sa\u011flayan su ge\u00e7irmez ve nefes alabilir yap\u0131da tek kullan\u0131ml\u0131k medikal \u00fcr\u00fcnd\u00fcr. Kolay giyilip \u00e7\u0131kar\u0131l\u0131r, dayan\u0131kl\u0131d\u0131r. Steril olmayan ambalajda sunulur.<\/p>\n","protected":false},"excerpt":{"rendered":"<p>Tek kullan\u0131ml\u0131k, su ge\u00e7irmez ve nefes alabilir hasta \u00f6nl\u00fckleri.<\/p>\n<p>\u00d6l\u00e7\u00fcler:<\/p>\n<p>Standart beden, \u00e7e\u015fitli renk se\u00e7enekleri<\/p>\n","protected":false},"featured_media":7277,"template":"","meta":[],"product_brand":[],"product_cat":[1673],"product_tag":[1356,1357,1355,1353,1358,457,471,1249,1354,452],"class_list":{"0":"post-7979","1":"product","2":"type-product","3":"status-publish","4":"has-post-thumbnail","6":"product_cat-ameliyathane-ortu-setleri","7":"product_tag-enfeksiyon-kontrol","8":"product_tag-hasta-bakim-urunu","9":"product_tag-hasta-hijyeni","10":"product_tag-hasta-onlugu","11":"product_tag-klinik-malzeme","12":"product_tag-medikal-onluk","13":"product_tag-medikal-sarf","14":"product_tag-saglik-sarf","15":"product_tag-su-gecirmez-onluk","16":"product_tag-tek-kullanimlik-onluk","18":"first","19":"instock","20":"shipping-taxable","21":"product-type-simple"},"_links":{"self":[{"href":"https:\/\/berha.org\/en\/wp-json\/wp\/v2\/product\/7979","targetHints":{"allow":["GET"]}}],"collection":[{"href":"https:\/\/berha.org\/en\/wp-json\/wp\/v2\/product"}],"about":[{"href":"https:\/\/berha.org\/en\/wp-json\/wp\/v2\/types\/product"}],"wp:featuredmedia":[{"embeddable":true,"href":"https:\/\/berha.org\/en\/wp-json\/wp\/v2\/media\/7277"}],"wp:attachment":[{"href":"https:\/\/berha.org\/en\/wp-json\/wp\/v2\/media?parent=7979"}],"wp:term":[{"taxonomy":"product_brand","embeddable":true,"href":"https:\/\/berha.org\/en\/wp-json\/wp\/v2\/product_brand?post=7979"},{"taxonomy":"product_cat","embeddable":true,"href":"https:\/\/berha.org\/en\/wp-json\/wp\/v2\/product_cat?post=7979"},{"taxonomy":"product_tag","embeddable":true,"href":"https:\/\/berha.org\/en\/wp-json\/wp\/v2\/product_tag?post=7979"}],"curies":[{"name":"wp","href":"https:\/\/api.w.org\/{rel}","templated":true}]}}