{"id":7978,"date":"2025-07-20T22:49:19","date_gmt":"2025-07-20T19:49:19","guid":{"rendered":"https:\/\/berha.org\/en\/?post_type=product&#038;p=7978"},"modified":"2025-07-20T22:49:28","modified_gmt":"2025-07-20T19:49:28","slug":"steril-ve-non-steril-batin-kompres","status":"publish","type":"product","link":"https:\/\/berha.org\/en\/urun\/steril-ve-non-steril-batin-kompres\/","title":{"rendered":"Steril ve Non-Steril Bat\u0131n Kompres"},"content":{"rendered":"<p>Bat\u0131n Kompresler, cerrahi alanlarda ve yara bak\u0131m\u0131nda kullan\u0131lan, steril ve non-steril alternatifleri bulunan medikal sarf \u00fcr\u00fcnlerdir. Y\u00fcksek emicilik \u00f6zelli\u011fi ile kanama ve s\u0131v\u0131 kontrol\u00fc sa\u011flar. Tek kullan\u0131ml\u0131k ve hijyeniktir.<\/p>\n","protected":false},"excerpt":{"rendered":"<p>Steril ve non-steril se\u00e7eneklerde, y\u00fcksek emicilikli bat\u0131n kompresleri.<\/p>\n<p>\u00d6l\u00e7\u00fcler:<\/p>\n<p>Boyutlar: 10&#215;10 cm, 15&#215;20 cm, 20&#215;30 cm<\/p>\n<p>Paket: 25\u2019li, 50\u2019li<\/p>\n","protected":false},"featured_media":7275,"template":"","meta":[],"product_brand":[],"product_cat":[1669],"product_tag":[961,1352,1248,1346,471,1350,1149,1349,1351,1334],"class_list":{"0":"post-7978","1":"product","2":"type-product","3":"status-publish","4":"has-post-thumbnail","6":"product_cat-gazli-bezler","7":"product_tag-batin-kompres","8":"product_tag-cerrahi-urun","9":"product_tag-hasta-bakim","10":"product_tag-hijyen-urunu","11":"product_tag-medikal-sarf","12":"product_tag-non-steril-kompres","13":"product_tag-saglik-malzemesi","14":"product_tag-steril-kompres","15":"product_tag-tek-kullanimlik-kompres","16":"product_tag-yara-bakim","18":"first","19":"instock","20":"shipping-taxable","21":"product-type-simple"},"_links":{"self":[{"href":"https:\/\/berha.org\/en\/wp-json\/wp\/v2\/product\/7978","targetHints":{"allow":["GET"]}}],"collection":[{"href":"https:\/\/berha.org\/en\/wp-json\/wp\/v2\/product"}],"about":[{"href":"https:\/\/berha.org\/en\/wp-json\/wp\/v2\/types\/product"}],"wp:featuredmedia":[{"embeddable":true,"href":"https:\/\/berha.org\/en\/wp-json\/wp\/v2\/media\/7275"}],"wp:attachment":[{"href":"https:\/\/berha.org\/en\/wp-json\/wp\/v2\/media?parent=7978"}],"wp:term":[{"taxonomy":"product_brand","embeddable":true,"href":"https:\/\/berha.org\/en\/wp-json\/wp\/v2\/product_brand?post=7978"},{"taxonomy":"product_cat","embeddable":true,"href":"https:\/\/berha.org\/en\/wp-json\/wp\/v2\/product_cat?post=7978"},{"taxonomy":"product_tag","embeddable":true,"href":"https:\/\/berha.org\/en\/wp-json\/wp\/v2\/product_tag?post=7978"}],"curies":[{"name":"wp","href":"https:\/\/api.w.org\/{rel}","templated":true}]}}