{"id":7976,"date":"2025-07-20T22:49:19","date_gmt":"2025-07-20T19:49:19","guid":{"rendered":"https:\/\/berha.org\/en\/?post_type=product&#038;p=7976"},"modified":"2025-07-20T22:49:27","modified_gmt":"2025-07-20T19:49:27","slug":"pamuklu-cubuk","status":"publish","type":"product","link":"https:\/\/berha.org\/en\/urun\/pamuklu-cubuk\/","title":{"rendered":"Pamuklu \u00c7ubuk"},"content":{"rendered":"<p>Pamuklu \u00c7ubuk, t\u0131bbi temizlik, numune alma ve yara bak\u0131m\u0131nda kullan\u0131lan steril ve y\u00fcksek emici medikal aparatt\u0131r. \u00c7e\u015fitli boy ve paket se\u00e7enekleri ile farkl\u0131 ihtiya\u00e7lara uygundur. Tek kullan\u0131ml\u0131k ve hijyeniktir.<\/p>\n","protected":false},"excerpt":{"rendered":"<p>Steril, y\u00fcksek kaliteli pamuklu \u00e7ubuklar, \u00e7e\u015fitli boy ve paket se\u00e7enekleri.<\/p>\n<p>\u00d6l\u00e7\u00fcler:<\/p>\n<p>Uzunluk: 7.5 cm, 15 cm<\/p>\n<p>Paket: 100\u2019l\u00fc, 200\u2019l\u00fc<\/p>\n","protected":false},"featured_media":7273,"template":"","meta":[],"product_brand":[],"product_cat":[209],"product_tag":[1248,1342,1338,471,1340,1337,1202,1339,1341,976],"class_list":{"0":"post-7976","1":"product","2":"type-product","3":"status-publish","4":"has-post-thumbnail","6":"product_cat-pamuk-grubu","7":"product_tag-hasta-bakim","8":"product_tag-hijyen-malzemesi","9":"product_tag-medikal-cubuk","10":"product_tag-medikal-sarf","11":"product_tag-numune-alma-cubugu","12":"product_tag-pamuklu-cubuk","13":"product_tag-saglik-ekipmani","14":"product_tag-steril-pamuk","15":"product_tag-tek-kullanimlik-cubuk","16":"product_tag-yara-bakim-urunu","18":"first","19":"instock","20":"shipping-taxable","21":"product-type-simple"},"_links":{"self":[{"href":"https:\/\/berha.org\/en\/wp-json\/wp\/v2\/product\/7976","targetHints":{"allow":["GET"]}}],"collection":[{"href":"https:\/\/berha.org\/en\/wp-json\/wp\/v2\/product"}],"about":[{"href":"https:\/\/berha.org\/en\/wp-json\/wp\/v2\/types\/product"}],"wp:featuredmedia":[{"embeddable":true,"href":"https:\/\/berha.org\/en\/wp-json\/wp\/v2\/media\/7273"}],"wp:attachment":[{"href":"https:\/\/berha.org\/en\/wp-json\/wp\/v2\/media?parent=7976"}],"wp:term":[{"taxonomy":"product_brand","embeddable":true,"href":"https:\/\/berha.org\/en\/wp-json\/wp\/v2\/product_brand?post=7976"},{"taxonomy":"product_cat","embeddable":true,"href":"https:\/\/berha.org\/en\/wp-json\/wp\/v2\/product_cat?post=7976"},{"taxonomy":"product_tag","embeddable":true,"href":"https:\/\/berha.org\/en\/wp-json\/wp\/v2\/product_tag?post=7976"}],"curies":[{"name":"wp","href":"https:\/\/api.w.org\/{rel}","templated":true}]}}