{"id":7975,"date":"2025-07-20T22:49:19","date_gmt":"2025-07-20T19:49:19","guid":{"rendered":"https:\/\/berha.org\/en\/?post_type=product&#038;p=7975"},"modified":"2025-07-20T22:49:27","modified_gmt":"2025-07-20T19:49:27","slug":"findik-tampon","status":"publish","type":"product","link":"https:\/\/berha.org\/en\/urun\/findik-tampon\/","title":{"rendered":"F\u0131nd\u0131k Tampon"},"content":{"rendered":"<p>F\u0131nd\u0131k Tampon, k\u00fc\u00e7\u00fck cerrahi i\u015flemlerde ve hassas b\u00f6lgelerde kullan\u0131lan steril pamuklu medikal \u00fcr\u00fcnd\u00fcr. Y\u00fcksek emicilik ve yumu\u015fak yap\u0131s\u0131 sayesinde kanama kontrol\u00fcnde etkilidir. Tek kullan\u0131ml\u0131k ve hijyenik ambalajl\u0131d\u0131r.<\/p>\n","protected":false},"excerpt":{"rendered":"<p>K\u00fc\u00e7\u00fck boyutta, steril ve y\u00fcksek emici f\u0131nd\u0131k tampon.<\/p>\n<p>\u00d6l\u00e7\u00fcler:<\/p>\n<p>Standart boyut<\/p>\n","protected":false},"featured_media":7272,"template":"","meta":[],"product_brand":[],"product_cat":[1669],"product_tag":[1332,1331,1248,1336,1335,611,1149,1333,1329,1334],"class_list":{"0":"post-7975","1":"product","2":"type-product","3":"status-publish","4":"has-post-thumbnail","6":"product_cat-gazli-bezler","7":"product_tag-cerrahi-tampon","8":"product_tag-findik-tampon","9":"product_tag-hasta-bakim","10":"product_tag-hijyen-urun","11":"product_tag-kanama-kontrolu","12":"product_tag-medikal-pamuk","13":"product_tag-saglik-malzemesi","14":"product_tag-steril-sarf","15":"product_tag-tek-kullanimlik-tampon","16":"product_tag-yara-bakim","18":"first","19":"instock","20":"shipping-taxable","21":"product-type-simple"},"_links":{"self":[{"href":"https:\/\/berha.org\/en\/wp-json\/wp\/v2\/product\/7975","targetHints":{"allow":["GET"]}}],"collection":[{"href":"https:\/\/berha.org\/en\/wp-json\/wp\/v2\/product"}],"about":[{"href":"https:\/\/berha.org\/en\/wp-json\/wp\/v2\/types\/product"}],"wp:featuredmedia":[{"embeddable":true,"href":"https:\/\/berha.org\/en\/wp-json\/wp\/v2\/media\/7272"}],"wp:attachment":[{"href":"https:\/\/berha.org\/en\/wp-json\/wp\/v2\/media?parent=7975"}],"wp:term":[{"taxonomy":"product_brand","embeddable":true,"href":"https:\/\/berha.org\/en\/wp-json\/wp\/v2\/product_brand?post=7975"},{"taxonomy":"product_cat","embeddable":true,"href":"https:\/\/berha.org\/en\/wp-json\/wp\/v2\/product_cat?post=7975"},{"taxonomy":"product_tag","embeddable":true,"href":"https:\/\/berha.org\/en\/wp-json\/wp\/v2\/product_tag?post=7975"}],"curies":[{"name":"wp","href":"https:\/\/api.w.org\/{rel}","templated":true}]}}