{"id":7974,"date":"2025-07-20T22:49:19","date_gmt":"2025-07-20T19:49:19","guid":{"rendered":"https:\/\/berha.org\/en\/?post_type=product&#038;p=7974"},"modified":"2025-07-20T22:49:27","modified_gmt":"2025-07-20T19:49:27","slug":"cilt-stapleri","status":"publish","type":"product","link":"https:\/\/berha.org\/en\/urun\/cilt-stapleri\/","title":{"rendered":"Cilt Stapleri"},"content":{"rendered":"<p>Cilt Stapleri, cerrahi operasyonlarda cilt ve doku kapamalar\u0131nda kullan\u0131lan dayan\u0131kl\u0131, paslanmaz \u00e7elikten yap\u0131lm\u0131\u015f t\u0131bbi \u00fcr\u00fcnlerdir. H\u0131zl\u0131 ve g\u00fcvenli diki\u015f alternatifi sa\u011flar. Farkl\u0131 uzunluk ve kal\u0131nl\u0131klarda, steril paketli ve tek kullan\u0131ml\u0131kt\u0131r. Profesyonel cerrahi uygulamalarda tercih edilir.<\/p>\n","protected":false},"excerpt":{"rendered":"<p>Cerrahi doku kapama i\u00e7in y\u00fcksek kaliteli, paslanmaz \u00e7elik cilt stapleri.<\/p>\n<p>\u00d6l\u00e7\u00fcler:<\/p>\n<p>Standart boyut: 35 mm, 45 mm se\u00e7enekleri<\/p>\n","protected":false},"featured_media":7271,"template":"","meta":[],"product_brand":[],"product_cat":[1670],"product_tag":[1325,1321,1320,1322,1318,471,1323,1119,1324,1301],"class_list":{"0":"post-7974","1":"product","2":"type-product","3":"status-publish","4":"has-post-thumbnail","6":"product_cat-genel-sarf","7":"product_tag-ameliyathane-malzemesi","8":"product_tag-cerrahi-stapler","9":"product_tag-cilt-stapleri","10":"product_tag-doku-kapama","11":"product_tag-hasta-bakimi","12":"product_tag-medikal-sarf","13":"product_tag-paslanmaz-celik-stapler","14":"product_tag-steril-cerrahi-ekipman","15":"product_tag-tek-kullanimlik-stapler","16":"product_tag-tibbi-urun","18":"first","19":"instock","20":"shipping-taxable","21":"product-type-simple"},"_links":{"self":[{"href":"https:\/\/berha.org\/en\/wp-json\/wp\/v2\/product\/7974","targetHints":{"allow":["GET"]}}],"collection":[{"href":"https:\/\/berha.org\/en\/wp-json\/wp\/v2\/product"}],"about":[{"href":"https:\/\/berha.org\/en\/wp-json\/wp\/v2\/types\/product"}],"wp:featuredmedia":[{"embeddable":true,"href":"https:\/\/berha.org\/en\/wp-json\/wp\/v2\/media\/7271"}],"wp:attachment":[{"href":"https:\/\/berha.org\/en\/wp-json\/wp\/v2\/media?parent=7974"}],"wp:term":[{"taxonomy":"product_brand","embeddable":true,"href":"https:\/\/berha.org\/en\/wp-json\/wp\/v2\/product_brand?post=7974"},{"taxonomy":"product_cat","embeddable":true,"href":"https:\/\/berha.org\/en\/wp-json\/wp\/v2\/product_cat?post=7974"},{"taxonomy":"product_tag","embeddable":true,"href":"https:\/\/berha.org\/en\/wp-json\/wp\/v2\/product_tag?post=7974"}],"curies":[{"name":"wp","href":"https:\/\/api.w.org\/{rel}","templated":true}]}}