{"id":7972,"date":"2025-07-20T22:49:19","date_gmt":"2025-07-20T19:49:19","guid":{"rendered":"https:\/\/berha.org\/en\/?post_type=product&#038;p=7972"},"modified":"2025-07-20T22:49:26","modified_gmt":"2025-07-20T19:49:26","slug":"kolonoskopi-hasta-sortu","status":"publish","type":"product","link":"https:\/\/berha.org\/en\/urun\/kolonoskopi-hasta-sortu\/","title":{"rendered":"Kolonoskopi Hasta \u015eortu"},"content":{"rendered":"<p>Kolonoskopi Hasta \u015eortu, hastalar\u0131n kolonoskopi i\u015flemi s\u0131ras\u0131nda giydi\u011fi tek kullan\u0131ml\u0131k, nefes alabilir ve elastik yap\u0131daki medikal \u00fcr\u00fcnd\u00fcr. Konforlu yap\u0131s\u0131 ile hasta hareketlerini k\u0131s\u0131tlamaz. Hijyenik ve steril paketlidir.<\/p>\n","protected":false},"excerpt":{"rendered":"<p>Tek kullan\u0131ml\u0131k, konforlu ve elastik kolonoskopi hasta \u015fortu.<\/p>\n<p>\u00d6l\u00e7\u00fcler:<\/p>\n<p>Standart beden (L, XL se\u00e7enekli)<\/p>\n","protected":false},"featured_media":7269,"template":"","meta":[],"product_brand":[],"product_cat":[1670],"product_tag":[1248,1306,1310,1309,1305,1308,1311,1249,1312,1307],"class_list":{"0":"post-7972","1":"product","2":"type-product","3":"status-publish","4":"has-post-thumbnail","6":"product_cat-genel-sarf","7":"product_tag-hasta-bakim","8":"product_tag-hasta-kiyafeti","9":"product_tag-hasta-konforu","10":"product_tag-hijyenik-urun","11":"product_tag-kolonoskopi-sortu","12":"product_tag-medikal-hasta-giysisi","13":"product_tag-medikal-tekstil","14":"product_tag-saglik-sarf","15":"product_tag-steril-urun","16":"product_tag-tek-kullanimlik-sort","18":"first","19":"instock","20":"shipping-taxable","21":"product-type-simple"},"_links":{"self":[{"href":"https:\/\/berha.org\/en\/wp-json\/wp\/v2\/product\/7972","targetHints":{"allow":["GET"]}}],"collection":[{"href":"https:\/\/berha.org\/en\/wp-json\/wp\/v2\/product"}],"about":[{"href":"https:\/\/berha.org\/en\/wp-json\/wp\/v2\/types\/product"}],"wp:featuredmedia":[{"embeddable":true,"href":"https:\/\/berha.org\/en\/wp-json\/wp\/v2\/media\/7269"}],"wp:attachment":[{"href":"https:\/\/berha.org\/en\/wp-json\/wp\/v2\/media?parent=7972"}],"wp:term":[{"taxonomy":"product_brand","embeddable":true,"href":"https:\/\/berha.org\/en\/wp-json\/wp\/v2\/product_brand?post=7972"},{"taxonomy":"product_cat","embeddable":true,"href":"https:\/\/berha.org\/en\/wp-json\/wp\/v2\/product_cat?post=7972"},{"taxonomy":"product_tag","embeddable":true,"href":"https:\/\/berha.org\/en\/wp-json\/wp\/v2\/product_tag?post=7972"}],"curies":[{"name":"wp","href":"https:\/\/api.w.org\/{rel}","templated":true}]}}