{"id":7971,"date":"2025-07-20T22:49:18","date_gmt":"2025-07-20T19:49:18","guid":{"rendered":"https:\/\/berha.org\/en\/?post_type=product&#038;p=7971"},"modified":"2025-07-20T22:49:26","modified_gmt":"2025-07-20T19:49:26","slug":"trakeostomi-filtresi","status":"publish","type":"product","link":"https:\/\/berha.org\/en\/urun\/trakeostomi-filtresi\/","title":{"rendered":"Trakeostomi Filtresi"},"content":{"rendered":"<p>Trakeostomi Filtresi, trakeostomi kan\u00fcl\u00fcne tak\u0131larak hastan\u0131n solunum yolunu bakterilerden, vir\u00fcslerden ve toz partik\u00fcllerinden koruyan medikal filtrasyon aparat\u0131. Uzun s\u00fcreli kullan\u0131m i\u00e7in uygundur. Steril, tek kullan\u0131ml\u0131kt\u0131r.<\/p>\n","protected":false},"excerpt":{"rendered":"<p>Trakeostomi hastalar\u0131 i\u00e7in y\u00fcksek verimli bakteri ve vir\u00fcs filtresi.<\/p>\n<p>\u00d6l\u00e7\u00fcler:<\/p>\n<p>Standart \u00e7ap: 15 mm, 22 mm<\/p>\n","protected":false},"featured_media":7268,"template":"","meta":[],"product_brand":[],"product_cat":[1670],"product_tag":[1292,1248,1295,1249,1200,1293,1304,1273,1302,1303],"class_list":{"0":"post-7971","1":"product","2":"type-product","3":"status-publish","4":"has-post-thumbnail","6":"product_cat-genel-sarf","7":"product_tag-bakteri-filtresi","8":"product_tag-hasta-bakim","9":"product_tag-medikal-filtre","10":"product_tag-saglik-sarf","11":"product_tag-solunum-cihazi","12":"product_tag-solunum-filtresi","13":"product_tag-steril-aparat","14":"product_tag-tibbi-malzeme","15":"product_tag-trakeostomi-filtresi","16":"product_tag-virus-filtresi","18":"first","19":"instock","20":"shipping-taxable","21":"product-type-simple"},"_links":{"self":[{"href":"https:\/\/berha.org\/en\/wp-json\/wp\/v2\/product\/7971","targetHints":{"allow":["GET"]}}],"collection":[{"href":"https:\/\/berha.org\/en\/wp-json\/wp\/v2\/product"}],"about":[{"href":"https:\/\/berha.org\/en\/wp-json\/wp\/v2\/types\/product"}],"wp:featuredmedia":[{"embeddable":true,"href":"https:\/\/berha.org\/en\/wp-json\/wp\/v2\/media\/7268"}],"wp:attachment":[{"href":"https:\/\/berha.org\/en\/wp-json\/wp\/v2\/media?parent=7971"}],"wp:term":[{"taxonomy":"product_brand","embeddable":true,"href":"https:\/\/berha.org\/en\/wp-json\/wp\/v2\/product_brand?post=7971"},{"taxonomy":"product_cat","embeddable":true,"href":"https:\/\/berha.org\/en\/wp-json\/wp\/v2\/product_cat?post=7971"},{"taxonomy":"product_tag","embeddable":true,"href":"https:\/\/berha.org\/en\/wp-json\/wp\/v2\/product_tag?post=7971"}],"curies":[{"name":"wp","href":"https:\/\/api.w.org\/{rel}","templated":true}]}}