{"id":7969,"date":"2025-07-20T22:49:18","date_gmt":"2025-07-20T19:49:18","guid":{"rendered":"https:\/\/berha.org\/en\/?post_type=product&#038;p=7969"},"modified":"2025-07-20T22:49:25","modified_gmt":"2025-07-20T19:49:25","slug":"bakteri-filtresi","status":"publish","type":"product","link":"https:\/\/berha.org\/en\/urun\/bakteri-filtresi\/","title":{"rendered":"Bakteri Filtresi"},"content":{"rendered":"<p>Bakteri Filtresi, solunum cihazlar\u0131 ve ventilasyon sistemlerinde kullan\u0131lan, havadaki bakterileri ve partik\u00fclleri y\u00fcksek oranda filtreleyen medikal aparatt\u0131r. Evrensel ba\u011flant\u0131lar\u0131 sayesinde bir\u00e7ok cihazla uyumludur. Tek kullan\u0131ml\u0131k ve steril olarak sunulur.<\/p>\n","protected":false},"excerpt":{"rendered":"<p>Solunum cihazlar\u0131 ve ventilasyon i\u00e7in y\u00fcksek verimli bakteri filtresi.<\/p>\n<p>\u00d6l\u00e7\u00fcler:<\/p>\n<p>Standart \u00f6l\u00e7\u00fcler, evrensel ba\u011flant\u0131<\/p>\n","protected":false},"featured_media":7267,"template":"","meta":[],"product_brand":[],"product_cat":[1670],"product_tag":[1292,1248,1295,1249,1200,1293,1297,1296,1273,1294],"class_list":{"0":"post-7969","1":"product","2":"type-product","3":"status-publish","4":"has-post-thumbnail","6":"product_cat-genel-sarf","7":"product_tag-bakteri-filtresi","8":"product_tag-hasta-bakim","9":"product_tag-medikal-filtre","10":"product_tag-saglik-sarf","11":"product_tag-solunum-cihazi","12":"product_tag-solunum-filtresi","13":"product_tag-steril-ekipman","14":"product_tag-tek-kullanimlik-filtre","15":"product_tag-tibbi-malzeme","16":"product_tag-ventilasyon-filtresi","18":"first","19":"instock","20":"shipping-taxable","21":"product-type-simple"},"_links":{"self":[{"href":"https:\/\/berha.org\/en\/wp-json\/wp\/v2\/product\/7969","targetHints":{"allow":["GET"]}}],"collection":[{"href":"https:\/\/berha.org\/en\/wp-json\/wp\/v2\/product"}],"about":[{"href":"https:\/\/berha.org\/en\/wp-json\/wp\/v2\/types\/product"}],"wp:featuredmedia":[{"embeddable":true,"href":"https:\/\/berha.org\/en\/wp-json\/wp\/v2\/media\/7267"}],"wp:attachment":[{"href":"https:\/\/berha.org\/en\/wp-json\/wp\/v2\/media?parent=7969"}],"wp:term":[{"taxonomy":"product_brand","embeddable":true,"href":"https:\/\/berha.org\/en\/wp-json\/wp\/v2\/product_brand?post=7969"},{"taxonomy":"product_cat","embeddable":true,"href":"https:\/\/berha.org\/en\/wp-json\/wp\/v2\/product_cat?post=7969"},{"taxonomy":"product_tag","embeddable":true,"href":"https:\/\/berha.org\/en\/wp-json\/wp\/v2\/product_tag?post=7969"}],"curies":[{"name":"wp","href":"https:\/\/api.w.org\/{rel}","templated":true}]}}