{"id":7968,"date":"2025-07-20T22:49:18","date_gmt":"2025-07-20T19:49:18","guid":{"rendered":"https:\/\/berha.org\/en\/?post_type=product&#038;p=7968"},"modified":"2025-07-20T22:49:25","modified_gmt":"2025-07-20T19:49:25","slug":"prezervatif-sonda","status":"publish","type":"product","link":"https:\/\/berha.org\/en\/urun\/prezervatif-sonda\/","title":{"rendered":"Prezervatif Sonda"},"content":{"rendered":"<p>Prezervatif Sonda, erkek \u00fcriner sisteminde ge\u00e7ici \u00fcriner drenaj i\u00e7in kullan\u0131lan koruyucu ve kolay tak\u0131labilen medikal \u00fcr\u00fcnd\u00fcr. Lateks veya lateks i\u00e7ermeyen \u00e7e\u015fitleri vard\u0131r. Steril, tek kullan\u0131ml\u0131kt\u0131r.<\/p>\n","protected":false},"excerpt":{"rendered":"<p>\u0130nce ve esnek yap\u0131da, koruyucu prezervatif sondas\u0131, \u00e7e\u015fitli boylarda.<\/p>\n<p>\u00d6l\u00e7\u00fcler:<\/p>\n<p>Uzunluk: 22 cm \u2013 30 cm<\/p>\n<p>\u00c7ap: 16 Fr \u2013 22 Fr<\/p>\n","protected":false},"featured_media":7266,"template":"","meta":[],"product_brand":[],"product_cat":[211],"product_tag":[1288,1248,1289,1291,471,1287,1149,427,1244,1290],"class_list":{"0":"post-7968","1":"product","2":"type-product","3":"status-publish","4":"has-post-thumbnail","6":"product_cat-uroloji","7":"product_tag-erkek-kateteri","8":"product_tag-hasta-bakim","9":"product_tag-koruyucu-sonda","10":"product_tag-lateks-sonda","11":"product_tag-medikal-sarf","12":"product_tag-prezervatif-sonda","13":"product_tag-saglik-malzemesi","14":"product_tag-steril-kateter","15":"product_tag-tek-kullanimlik-sonda","16":"product_tag-uriner-drenaj","18":"first","19":"instock","20":"shipping-taxable","21":"product-type-simple"},"_links":{"self":[{"href":"https:\/\/berha.org\/en\/wp-json\/wp\/v2\/product\/7968","targetHints":{"allow":["GET"]}}],"collection":[{"href":"https:\/\/berha.org\/en\/wp-json\/wp\/v2\/product"}],"about":[{"href":"https:\/\/berha.org\/en\/wp-json\/wp\/v2\/types\/product"}],"wp:featuredmedia":[{"embeddable":true,"href":"https:\/\/berha.org\/en\/wp-json\/wp\/v2\/media\/7266"}],"wp:attachment":[{"href":"https:\/\/berha.org\/en\/wp-json\/wp\/v2\/media?parent=7968"}],"wp:term":[{"taxonomy":"product_brand","embeddable":true,"href":"https:\/\/berha.org\/en\/wp-json\/wp\/v2\/product_brand?post=7968"},{"taxonomy":"product_cat","embeddable":true,"href":"https:\/\/berha.org\/en\/wp-json\/wp\/v2\/product_cat?post=7968"},{"taxonomy":"product_tag","embeddable":true,"href":"https:\/\/berha.org\/en\/wp-json\/wp\/v2\/product_tag?post=7968"}],"curies":[{"name":"wp","href":"https:\/\/api.w.org\/{rel}","templated":true}]}}