{"id":7967,"date":"2025-07-20T22:49:18","date_gmt":"2025-07-20T19:49:18","guid":{"rendered":"https:\/\/berha.org\/en\/?post_type=product&#038;p=7967"},"modified":"2025-07-20T22:49:24","modified_gmt":"2025-07-20T19:49:24","slug":"gobek-bagi-klempi","status":"publish","type":"product","link":"https:\/\/berha.org\/en\/urun\/gobek-bagi-klempi\/","title":{"rendered":"G\u00f6bek Ba\u011f\u0131 Klempi"},"content":{"rendered":"<p>G\u00f6bek Ba\u011f\u0131 Klempi, yeni do\u011fan bebeklerin g\u00f6bek kordonunu steril ve g\u00fcvenli \u015fekilde ba\u011flamak i\u00e7in kullan\u0131lan tek kullan\u0131ml\u0131k medikal aparatt\u0131r. Kolay a\u00e7\u0131l\u0131p kapanan yap\u0131s\u0131 sayesinde pratik kullan\u0131m sa\u011flar. Steril paketlidir.<\/p>\n","protected":false},"excerpt":{"rendered":"<p>Yeni do\u011fan bebekler i\u00e7in steril g\u00f6bek ba\u011f\u0131 klempi, kolay tutu\u015flu.<\/p>\n<p>\u00d6l\u00e7\u00fcler:<\/p>\n<p>Standart boyut<\/p>\n","protected":false},"featured_media":7265,"template":"","meta":[],"product_brand":[],"product_cat":[1670],"product_tag":[1281,1280,1248,471,1202,1285,1282,1284,1286,1283],"class_list":{"0":"post-7967","1":"product","2":"type-product","3":"status-publish","4":"has-post-thumbnail","6":"product_cat-genel-sarf","7":"product_tag-bebek-klempi","8":"product_tag-gobek-bagi-klempi","9":"product_tag-hasta-bakim","10":"product_tag-medikal-sarf","11":"product_tag-saglik-ekipmani","12":"product_tag-steril-aparatlar","13":"product_tag-steril-klemp","14":"product_tag-tek-kullanimlik-klemp","15":"product_tag-yenidogan-bakimi","16":"product_tag-yenidogan-malzemesi","18":"first","19":"instock","20":"shipping-taxable","21":"product-type-simple"},"_links":{"self":[{"href":"https:\/\/berha.org\/en\/wp-json\/wp\/v2\/product\/7967","targetHints":{"allow":["GET"]}}],"collection":[{"href":"https:\/\/berha.org\/en\/wp-json\/wp\/v2\/product"}],"about":[{"href":"https:\/\/berha.org\/en\/wp-json\/wp\/v2\/types\/product"}],"wp:featuredmedia":[{"embeddable":true,"href":"https:\/\/berha.org\/en\/wp-json\/wp\/v2\/media\/7265"}],"wp:attachment":[{"href":"https:\/\/berha.org\/en\/wp-json\/wp\/v2\/media?parent=7967"}],"wp:term":[{"taxonomy":"product_brand","embeddable":true,"href":"https:\/\/berha.org\/en\/wp-json\/wp\/v2\/product_brand?post=7967"},{"taxonomy":"product_cat","embeddable":true,"href":"https:\/\/berha.org\/en\/wp-json\/wp\/v2\/product_cat?post=7967"},{"taxonomy":"product_tag","embeddable":true,"href":"https:\/\/berha.org\/en\/wp-json\/wp\/v2\/product_tag?post=7967"}],"curies":[{"name":"wp","href":"https:\/\/api.w.org\/{rel}","templated":true}]}}