{"id":7965,"date":"2025-07-20T22:49:18","date_gmt":"2025-07-20T19:49:18","guid":{"rendered":"https:\/\/berha.org\/en\/?post_type=product&#038;p=7965"},"modified":"2025-07-20T22:49:24","modified_gmt":"2025-07-20T19:49:24","slug":"guedel-airway-orofaringeal-airway","status":"publish","type":"product","link":"https:\/\/berha.org\/en\/urun\/guedel-airway-orofaringeal-airway\/","title":{"rendered":"Guedel Airway (Orofaringeal Airway)"},"content":{"rendered":"<p>Guedel Airway, bilin\u00e7 kayb\u0131 ya\u015fayan hastalarda \u00fcst solunum yolunu a\u00e7\u0131k tutmak i\u00e7in kullan\u0131lan anatomik tasar\u0131ml\u0131 orofaringeal hava yoludur. Plastik materyalden \u00fcretilir, kolay yerle\u015ftirme sa\u011flar. Farkl\u0131 boy se\u00e7enekleri ile her hasta i\u00e7in uygun \u00f6l\u00e7\u00fc bulunur. Steril ve tek kullan\u0131ml\u0131kt\u0131r.<\/p>\n","protected":false},"excerpt":{"rendered":"<p>\u00c7e\u015fitli boylarda, anatomik olarak \u015fekillendirilmi\u015f Guedel orofaringeal airway.<\/p>\n<p>\u00d6l\u00e7\u00fcler:<\/p>\n<p>Boylar: 50 mm \u2013 100 mm (No:1, 2, 3, 4, 5, 6)<\/p>\n","protected":false},"featured_media":7264,"template":"","meta":[],"product_brand":[],"product_cat":[1670],"product_tag":[1272,1248,1256,1270,1249,1200,1271,1267,1273,1269],"class_list":{"0":"post-7965","1":"product","2":"type-product","3":"status-publish","4":"has-post-thumbnail","6":"product_cat-genel-sarf","7":"product_tag-anestezi-ekipmani","8":"product_tag-hasta-bakim","9":"product_tag-medikal-airway","10":"product_tag-orofaringeal-airway","11":"product_tag-saglik-sarf","12":"product_tag-solunum-cihazi","13":"product_tag-solunum-yolu-acici","14":"product_tag-tek-kullanimlik-airway","15":"product_tag-tibbi-malzeme","16":"product_tag-uedel-airway","18":"first","19":"instock","20":"shipping-taxable","21":"product-type-simple"},"_links":{"self":[{"href":"https:\/\/berha.org\/en\/wp-json\/wp\/v2\/product\/7965","targetHints":{"allow":["GET"]}}],"collection":[{"href":"https:\/\/berha.org\/en\/wp-json\/wp\/v2\/product"}],"about":[{"href":"https:\/\/berha.org\/en\/wp-json\/wp\/v2\/types\/product"}],"wp:featuredmedia":[{"embeddable":true,"href":"https:\/\/berha.org\/en\/wp-json\/wp\/v2\/media\/7264"}],"wp:attachment":[{"href":"https:\/\/berha.org\/en\/wp-json\/wp\/v2\/media?parent=7965"}],"wp:term":[{"taxonomy":"product_brand","embeddable":true,"href":"https:\/\/berha.org\/en\/wp-json\/wp\/v2\/product_brand?post=7965"},{"taxonomy":"product_cat","embeddable":true,"href":"https:\/\/berha.org\/en\/wp-json\/wp\/v2\/product_cat?post=7965"},{"taxonomy":"product_tag","embeddable":true,"href":"https:\/\/berha.org\/en\/wp-json\/wp\/v2\/product_tag?post=7965"}],"curies":[{"name":"wp","href":"https:\/\/api.w.org\/{rel}","templated":true}]}}