{"id":7962,"date":"2025-07-20T22:49:18","date_gmt":"2025-07-20T19:49:18","guid":{"rendered":"https:\/\/berha.org\/en\/?post_type=product&#038;p=7962"},"modified":"2025-07-20T22:49:23","modified_gmt":"2025-07-20T19:49:23","slug":"i-gel-larengeal-maske-airway","status":"publish","type":"product","link":"https:\/\/berha.org\/en\/urun\/i-gel-larengeal-maske-airway\/","title":{"rendered":"I-Gel Larengeal Maske Airway"},"content":{"rendered":"<p>I-Gel Larengeal Maske, anestezi ve acil t\u0131p alan\u0131nda hava yolu sa\u011flamak i\u00e7in kullan\u0131lan yumu\u015fak silikon maske tipidir. Anatomik olarak uyumlu tasar\u0131m\u0131 sayesinde kolay uygulan\u0131r ve konfor sa\u011flar. Tek kullan\u0131ml\u0131k, steril paketlidir.<\/p>\n","protected":false},"excerpt":{"rendered":"<p>Hava yolu y\u00f6netiminde kullan\u0131lan, anatomik yap\u0131ya uygun I-Gel larengeal maske.<\/p>\n<p>Boylar: XS, S, M, L, XL<\/p>\n","protected":false},"featured_media":7249,"template":"","meta":[],"product_brand":[],"product_cat":[1670],"product_tag":[1255,1199,1252,1251,1256,1249,1254,1200,527,1253],"class_list":{"0":"post-7962","1":"product","2":"type-product","3":"status-publish","4":"has-post-thumbnail","6":"product_cat-genel-sarf","7":"product_tag-acil-tip-ekipmani","8":"product_tag-anestezi-malzemesi","9":"product_tag-hava-yolu-cihazi","10":"product_tag-i-gel-larengeal-maske","11":"product_tag-medikal-airway","12":"product_tag-saglik-sarf","13":"product_tag-silikon-maske","14":"product_tag-solunum-cihazi","15":"product_tag-tek-kullanimlik-maske","16":"product_tag-ventilasyon-maskesi","18":"first","19":"instock","20":"shipping-taxable","21":"product-type-simple"},"_links":{"self":[{"href":"https:\/\/berha.org\/en\/wp-json\/wp\/v2\/product\/7962","targetHints":{"allow":["GET"]}}],"collection":[{"href":"https:\/\/berha.org\/en\/wp-json\/wp\/v2\/product"}],"about":[{"href":"https:\/\/berha.org\/en\/wp-json\/wp\/v2\/types\/product"}],"wp:featuredmedia":[{"embeddable":true,"href":"https:\/\/berha.org\/en\/wp-json\/wp\/v2\/media\/7249"}],"wp:attachment":[{"href":"https:\/\/berha.org\/en\/wp-json\/wp\/v2\/media?parent=7962"}],"wp:term":[{"taxonomy":"product_brand","embeddable":true,"href":"https:\/\/berha.org\/en\/wp-json\/wp\/v2\/product_brand?post=7962"},{"taxonomy":"product_cat","embeddable":true,"href":"https:\/\/berha.org\/en\/wp-json\/wp\/v2\/product_cat?post=7962"},{"taxonomy":"product_tag","embeddable":true,"href":"https:\/\/berha.org\/en\/wp-json\/wp\/v2\/product_tag?post=7962"}],"curies":[{"name":"wp","href":"https:\/\/api.w.org\/{rel}","templated":true}]}}