{"id":7961,"date":"2025-07-20T22:49:18","date_gmt":"2025-07-20T19:49:18","guid":{"rendered":"https:\/\/berha.org\/en\/?post_type=product&#038;p=7961"},"modified":"2025-07-20T22:49:22","modified_gmt":"2025-07-20T19:49:22","slug":"aspirasyon-sondasi","status":"publish","type":"product","link":"https:\/\/berha.org\/en\/urun\/aspirasyon-sondasi\/","title":{"rendered":"Aspirasyon Sondas\u0131"},"content":{"rendered":"<p>Aspirasyon Sondas\u0131, solunum yollar\u0131ndan mukus ve s\u0131v\u0131lar\u0131n \u00e7ekilmesini sa\u011flayan steril ve tek kullan\u0131ml\u0131k medikal sondad\u0131r. Esnek yap\u0131s\u0131 ve yumu\u015fak malzemesi ile hastada konfor sa\u011flar. Klinik ve yo\u011fun bak\u0131m \u00fcnitelerinde kullan\u0131l\u0131r.<\/p>\n","protected":false},"excerpt":{"rendered":"<p>Solunum yollar\u0131n\u0131 temizlemek i\u00e7in yumu\u015fak aspirasyon sondas\u0131, \u00e7e\u015fitli \u00e7aplarda.<\/p>\n<p>\u00d6l\u00e7\u00fcler:<\/p>\n<p>\u00c7ap: 6 Fr \u2013 14 Fr<\/p>\n<p>Uzunluk: 40 cm \u2013 60 cm<\/p>\n","protected":false},"featured_media":7248,"template":"","meta":[],"product_brand":[],"product_cat":[1670],"product_tag":[1238,1248,937,1247,1246,1249,1241,1250,1243,1244],"class_list":{"0":"post-7961","1":"product","2":"type-product","3":"status-publish","4":"has-post-thumbnail","6":"product_cat-genel-sarf","7":"product_tag-aspirasyon-sondasi","8":"product_tag-hasta-bakim","9":"product_tag-medikal-malzeme","10":"product_tag-medikal-sonda","11":"product_tag-mukus-temizleme","12":"product_tag-saglik-sarf","13":"product_tag-solunum-aspirasyonu","14":"product_tag-solunum-ekipmani","15":"product_tag-steril-aspirasyon","16":"product_tag-tek-kullanimlik-sonda","18":"first","19":"instock","20":"shipping-taxable","21":"product-type-simple"},"_links":{"self":[{"href":"https:\/\/berha.org\/en\/wp-json\/wp\/v2\/product\/7961","targetHints":{"allow":["GET"]}}],"collection":[{"href":"https:\/\/berha.org\/en\/wp-json\/wp\/v2\/product"}],"about":[{"href":"https:\/\/berha.org\/en\/wp-json\/wp\/v2\/types\/product"}],"wp:featuredmedia":[{"embeddable":true,"href":"https:\/\/berha.org\/en\/wp-json\/wp\/v2\/media\/7248"}],"wp:attachment":[{"href":"https:\/\/berha.org\/en\/wp-json\/wp\/v2\/media?parent=7961"}],"wp:term":[{"taxonomy":"product_brand","embeddable":true,"href":"https:\/\/berha.org\/en\/wp-json\/wp\/v2\/product_brand?post=7961"},{"taxonomy":"product_cat","embeddable":true,"href":"https:\/\/berha.org\/en\/wp-json\/wp\/v2\/product_cat?post=7961"},{"taxonomy":"product_tag","embeddable":true,"href":"https:\/\/berha.org\/en\/wp-json\/wp\/v2\/product_tag?post=7961"}],"curies":[{"name":"wp","href":"https:\/\/api.w.org\/{rel}","templated":true}]}}