{"id":7960,"date":"2025-07-20T22:49:18","date_gmt":"2025-07-20T19:49:18","guid":{"rendered":"https:\/\/berha.org\/en\/?post_type=product&#038;p=7960"},"modified":"2025-07-20T22:49:22","modified_gmt":"2025-07-20T19:49:22","slug":"vakum-kontrollu-aspirasyon-sondasi","status":"publish","type":"product","link":"https:\/\/berha.org\/en\/urun\/vakum-kontrollu-aspirasyon-sondasi\/","title":{"rendered":"Vakum Kontroll\u00fc Aspirasyon Sondas\u0131"},"content":{"rendered":"<p>Vakum kontroll\u00fc aspirasyon sondas\u0131, solunum yollar\u0131 ve v\u00fccut bo\u015fluklar\u0131ndan s\u0131v\u0131lar\u0131n etkili \u015fekilde emilmesini sa\u011flayan medikal \u00fcr\u00fcnd\u00fcr. Vakum sistemiyle uyumlu olarak \u00e7al\u0131\u015f\u0131r. Esnek ve steril malzemeden \u00fcretilmi\u015ftir. Tek kullan\u0131ml\u0131kt\u0131r.<\/p>\n","protected":false},"excerpt":{"rendered":"<p>Vakum kontroll\u00fc, esnek aspirasyon sondas\u0131, farkl\u0131 \u00e7ap ve uzunluklarda.<\/p>\n<p>\u00d6l\u00e7\u00fcler:<\/p>\n<p>\u00c7ap: 8 Fr \u2013 16 Fr<\/p>\n<p>Uzunluk: 40 cm \u2013 60 cm<\/p>\n","protected":false},"featured_media":7247,"template":"","meta":[],"product_brand":[],"product_cat":[1670],"product_tag":[1238,1242,1240,991,1202,1241,1243,1244,1245,1239],"class_list":{"0":"post-7960","1":"product","2":"type-product","3":"status-publish","4":"has-post-thumbnail","6":"product_cat-genel-sarf","7":"product_tag-aspirasyon-sondasi","8":"product_tag-cerrahi-aspirasyon","9":"product_tag-medikal-aspirasyon","10":"product_tag-medikal-cihaz","11":"product_tag-saglik-ekipmani","12":"product_tag-solunum-aspirasyonu","13":"product_tag-steril-aspirasyon","14":"product_tag-tek-kullanimlik-sonda","15":"product_tag-tibbi-aspirator","16":"product_tag-vakum-kontrollu-sonda","18":"first","19":"instock","20":"shipping-taxable","21":"product-type-simple"},"_links":{"self":[{"href":"https:\/\/berha.org\/en\/wp-json\/wp\/v2\/product\/7960","targetHints":{"allow":["GET"]}}],"collection":[{"href":"https:\/\/berha.org\/en\/wp-json\/wp\/v2\/product"}],"about":[{"href":"https:\/\/berha.org\/en\/wp-json\/wp\/v2\/types\/product"}],"wp:featuredmedia":[{"embeddable":true,"href":"https:\/\/berha.org\/en\/wp-json\/wp\/v2\/media\/7247"}],"wp:attachment":[{"href":"https:\/\/berha.org\/en\/wp-json\/wp\/v2\/media?parent=7960"}],"wp:term":[{"taxonomy":"product_brand","embeddable":true,"href":"https:\/\/berha.org\/en\/wp-json\/wp\/v2\/product_brand?post=7960"},{"taxonomy":"product_cat","embeddable":true,"href":"https:\/\/berha.org\/en\/wp-json\/wp\/v2\/product_cat?post=7960"},{"taxonomy":"product_tag","embeddable":true,"href":"https:\/\/berha.org\/en\/wp-json\/wp\/v2\/product_tag?post=7960"}],"curies":[{"name":"wp","href":"https:\/\/api.w.org\/{rel}","templated":true}]}}