{"id":7959,"date":"2025-07-20T22:49:18","date_gmt":"2025-07-20T19:49:18","guid":{"rendered":"https:\/\/berha.org\/en\/?post_type=product&#038;p=7959"},"modified":"2025-07-20T22:49:21","modified_gmt":"2025-07-20T19:49:21","slug":"ryles-tup-nazogastrik-nazogastrik-sonda","status":"publish","type":"product","link":"https:\/\/berha.org\/en\/urun\/ryles-tup-nazogastrik-nazogastrik-sonda\/","title":{"rendered":"Ryle\u2019s T\u00fcp Nazogastrik (Nazogastrik Sonda)"},"content":{"rendered":"<p>Ryle\u2019s T\u00fcp Nazogastrik Sonda, mideye veya ince ba\u011f\u0131rsa\u011fa besin, ila\u00e7 veya s\u0131v\u0131 vermek i\u00e7in kullan\u0131lan esnek poli\u00fcretan nazogastrik t\u00fcpt\u00fcr. K\u0131lavuz telli yap\u0131s\u0131 kolay ve g\u00fcvenli yerle\u015ftirme sa\u011flar. Renk kodlar\u0131 sa\u011fl\u0131k profesyonellerinin do\u011fru \u00e7ap\u0131 h\u0131zl\u0131ca se\u00e7mesini kolayla\u015ft\u0131r\u0131r. Radyopak i\u015faretleri, pozisyon kontrol\u00fcnde yard\u0131mc\u0131d\u0131r. Steril ve tek kullan\u0131ml\u0131kt\u0131r.<\/p>\n","protected":false},"excerpt":{"rendered":"<p>Yumu\u015fak ve esnek Ryle\u2019s nazogastrik t\u00fcp.<\/p>\n<p>\u00d6l\u00e7\u00fc:<\/p>\n<p>6 Fr (Turkuaz)<\/p>\n<p>8 Fr (Mavi)<\/p>\n<p>10 Fr (Siyah)<\/p>\n<p>12 Fr (Beyaz)<\/p>\n<p>14 Fr (Ye\u015fil)<\/p>\n<p>16 Fr (Turuncu)<\/p>\n<p>18 Fr (K\u0131rm\u0131z\u0131)<\/p>\n","protected":false},"featured_media":7246,"template":"","meta":[],"product_brand":[],"product_cat":[1670],"product_tag":[1178,1231,1217,1179,1230,1182,1235,572,1236,1237],"class_list":{"0":"post-7959","1":"product","2":"type-product","3":"status-publish","4":"has-post-thumbnail","6":"product_cat-genel-sarf","7":"product_tag-enteral-beslenme","8":"product_tag-hasta-beslenme","9":"product_tag-medikal-tup","10":"product_tag-mide-tupu","11":"product_tag-nazogastrik-sonda","12":"product_tag-nazogastrik-uygulama","13":"product_tag-ryles-tup","14":"product_tag-saglik-sarf-malzemesi","15":"product_tag-steril-nazogastrik","16":"product_tag-tup-drenaj","18":"first","19":"instock","20":"shipping-taxable","21":"product-type-simple"},"_links":{"self":[{"href":"https:\/\/berha.org\/en\/wp-json\/wp\/v2\/product\/7959","targetHints":{"allow":["GET"]}}],"collection":[{"href":"https:\/\/berha.org\/en\/wp-json\/wp\/v2\/product"}],"about":[{"href":"https:\/\/berha.org\/en\/wp-json\/wp\/v2\/types\/product"}],"wp:featuredmedia":[{"embeddable":true,"href":"https:\/\/berha.org\/en\/wp-json\/wp\/v2\/media\/7246"}],"wp:attachment":[{"href":"https:\/\/berha.org\/en\/wp-json\/wp\/v2\/media?parent=7959"}],"wp:term":[{"taxonomy":"product_brand","embeddable":true,"href":"https:\/\/berha.org\/en\/wp-json\/wp\/v2\/product_brand?post=7959"},{"taxonomy":"product_cat","embeddable":true,"href":"https:\/\/berha.org\/en\/wp-json\/wp\/v2\/product_cat?post=7959"},{"taxonomy":"product_tag","embeddable":true,"href":"https:\/\/berha.org\/en\/wp-json\/wp\/v2\/product_tag?post=7959"}],"curies":[{"name":"wp","href":"https:\/\/api.w.org\/{rel}","templated":true}]}}