{"id":7958,"date":"2025-07-20T22:49:18","date_gmt":"2025-07-20T19:49:18","guid":{"rendered":"https:\/\/berha.org\/en\/?post_type=product&#038;p=7958"},"modified":"2025-07-20T22:49:21","modified_gmt":"2025-07-20T19:49:21","slug":"feeding-sonda","status":"publish","type":"product","link":"https:\/\/berha.org\/en\/urun\/feeding-sonda\/","title":{"rendered":"Feeding Sonda"},"content":{"rendered":"<p>Feeding sonda, besinlerin do\u011frudan mide veya ba\u011f\u0131rsaklara verilmesi i\u00e7in kullan\u0131lan, esnek ve yumu\u015fak malzemeden \u00fcretilmi\u015f enteral beslenme t\u00fcp\u00fcd\u00fcr. Steril, tek kullan\u0131ml\u0131kt\u0131r. Nazogastrik veya nazointestinal uygulamalarda tercih edilir.<\/p>\n","protected":false},"excerpt":{"rendered":"<p>Enteral beslenme i\u00e7in yumu\u015fak feeding sonda.<\/p>\n<p>\u00d6l\u00e7\u00fc:<\/p>\n<p>8 Fr \u2013 12 Fr \u00e7ap<\/p>\n<p>110 cm uzunluk<\/p>\n","protected":false},"featured_media":7245,"template":"","meta":[],"product_brand":[],"product_cat":[1670],"product_tag":[1233,1229,1178,1228,1231,1217,1230,572,1232,1234],"class_list":{"0":"post-7958","1":"product","2":"type-product","3":"status-publish","4":"has-post-thumbnail","6":"product_cat-genel-sarf","7":"product_tag-beslenme-ekipmani","8":"product_tag-beslenme-tupu","9":"product_tag-enteral-beslenme","10":"product_tag-feeding-sonda","11":"product_tag-hasta-beslenme","12":"product_tag-medikal-tup","13":"product_tag-nazogastrik-sonda","14":"product_tag-saglik-sarf-malzemesi","15":"product_tag-steril-beslenme-urunu","16":"product_tag-tup-beslenme","18":"first","19":"instock","20":"shipping-taxable","21":"product-type-simple"},"_links":{"self":[{"href":"https:\/\/berha.org\/en\/wp-json\/wp\/v2\/product\/7958","targetHints":{"allow":["GET"]}}],"collection":[{"href":"https:\/\/berha.org\/en\/wp-json\/wp\/v2\/product"}],"about":[{"href":"https:\/\/berha.org\/en\/wp-json\/wp\/v2\/types\/product"}],"wp:featuredmedia":[{"embeddable":true,"href":"https:\/\/berha.org\/en\/wp-json\/wp\/v2\/media\/7245"}],"wp:attachment":[{"href":"https:\/\/berha.org\/en\/wp-json\/wp\/v2\/media?parent=7958"}],"wp:term":[{"taxonomy":"product_brand","embeddable":true,"href":"https:\/\/berha.org\/en\/wp-json\/wp\/v2\/product_brand?post=7958"},{"taxonomy":"product_cat","embeddable":true,"href":"https:\/\/berha.org\/en\/wp-json\/wp\/v2\/product_cat?post=7958"},{"taxonomy":"product_tag","embeddable":true,"href":"https:\/\/berha.org\/en\/wp-json\/wp\/v2\/product_tag?post=7958"}],"curies":[{"name":"wp","href":"https:\/\/api.w.org\/{rel}","templated":true}]}}