{"id":7957,"date":"2025-07-20T22:49:18","date_gmt":"2025-07-20T19:49:18","guid":{"rendered":"https:\/\/berha.org\/en\/?post_type=product&#038;p=7957"},"modified":"2025-07-20T22:49:20","modified_gmt":"2025-07-20T19:49:20","slug":"pezzer-sonda","status":"publish","type":"product","link":"https:\/\/berha.org\/en\/urun\/pezzer-sonda\/","title":{"rendered":"Pezzer Sonda"},"content":{"rendered":"<p>Pezzer sonda, \u00fcroloji ve cerrahi i\u015flemlerde drenaj ve irrigasyon ama\u00e7l\u0131 kullan\u0131lan, esnek PVC malzemeden yap\u0131lm\u0131\u015f medikal sondad\u0131r. \u015ei\u015firilebilir yap\u0131s\u0131 ile g\u00fcvenli kullan\u0131m sa\u011flar. Farkl\u0131 \u00e7ap ve uzunluk se\u00e7enekleri ile geni\u015f kullan\u0131m alan\u0131 vard\u0131r. Steril ve tek kullan\u0131ml\u0131kt\u0131r.<\/p>\n","protected":false},"excerpt":{"rendered":"<p>Cerrahi drenaj ve irrigasyon i\u00e7in Pezzer sonda.<\/p>\n<p>\u00d6l\u00e7\u00fc:<\/p>\n<p>12 Fr \u2013 30 Fr \u00e7ap<\/p>\n<p>50 cm \u2013 150 cm uzunluk<\/p>\n","protected":false},"featured_media":7243,"template":"","meta":[],"product_brand":[],"product_cat":[211],"product_tag":[1227,1220,1221,1223,1225,1219,1224,572,1226,1222],"class_list":{"0":"post-7957","1":"product","2":"type-product","3":"status-publish","4":"has-post-thumbnail","6":"product_cat-uroloji","7":"product_tag-cerrahi-ekipman","8":"product_tag-cerrahi-sonda","9":"product_tag-drenaj-sondasi","10":"product_tag-irrigasyon-seti","11":"product_tag-medikal-drenaj","12":"product_tag-pezzer-sonda","13":"product_tag-pvc-sonda","14":"product_tag-saglik-sarf-malzemesi","15":"product_tag-steril-sonda","16":"product_tag-uroloji-malzemesi","18":"first","19":"instock","20":"shipping-taxable","21":"product-type-simple"},"_links":{"self":[{"href":"https:\/\/berha.org\/en\/wp-json\/wp\/v2\/product\/7957","targetHints":{"allow":["GET"]}}],"collection":[{"href":"https:\/\/berha.org\/en\/wp-json\/wp\/v2\/product"}],"about":[{"href":"https:\/\/berha.org\/en\/wp-json\/wp\/v2\/types\/product"}],"wp:featuredmedia":[{"embeddable":true,"href":"https:\/\/berha.org\/en\/wp-json\/wp\/v2\/media\/7243"}],"wp:attachment":[{"href":"https:\/\/berha.org\/en\/wp-json\/wp\/v2\/media?parent=7957"}],"wp:term":[{"taxonomy":"product_brand","embeddable":true,"href":"https:\/\/berha.org\/en\/wp-json\/wp\/v2\/product_brand?post=7957"},{"taxonomy":"product_cat","embeddable":true,"href":"https:\/\/berha.org\/en\/wp-json\/wp\/v2\/product_cat?post=7957"},{"taxonomy":"product_tag","embeddable":true,"href":"https:\/\/berha.org\/en\/wp-json\/wp\/v2\/product_tag?post=7957"}],"curies":[{"name":"wp","href":"https:\/\/api.w.org\/{rel}","templated":true}]}}