{"id":7956,"date":"2025-07-20T22:49:17","date_gmt":"2025-07-20T19:49:17","guid":{"rendered":"https:\/\/berha.org\/en\/?post_type=product&#038;p=7956"},"modified":"2025-07-20T22:49:20","modified_gmt":"2025-07-20T19:49:20","slug":"trakeostomi-kanulu","status":"publish","type":"product","link":"https:\/\/berha.org\/en\/urun\/trakeostomi-kanulu\/","title":{"rendered":"Trakeostomi Kan\u00fcl\u00fc"},"content":{"rendered":"<p>Trakeostomi kan\u00fclleri, uzun s\u00fcreli solunum deste\u011fi gereken hastalarda trakeostomi yolunu a\u00e7\u0131k tutmak i\u00e7in kullan\u0131l\u0131r. Silikon materyal yumu\u015fak ve biyouyumlu olup, hastada konfor sa\u011flar. Cuff\u2019lu ve cuff\u2019suz modelleri mevcuttur. Steril, tek kullan\u0131ml\u0131kt\u0131r.<\/p>\n","protected":false},"excerpt":{"rendered":"<p>Konforlu ve g\u00fcvenli kullan\u0131m i\u00e7in silikon trakeostomi kan\u00fcl\u00fc.<\/p>\n<p>\u00d6l\u00e7\u00fc:<\/p>\n<p>6.0 mm \u2013 10.0 mm \u00e7ap<\/p>\n<p>60 mm \u2013 110 mm uzunluk<\/p>\n","protected":false},"featured_media":7242,"template":"","meta":[],"product_brand":[],"product_cat":[1670],"product_tag":[1214,1217,1149,1213,1200,570,1212,1216,1215,1218],"class_list":{"0":"post-7956","1":"product","2":"type-product","3":"status-publish","4":"has-post-thumbnail","6":"product_cat-genel-sarf","7":"product_tag-cufflu-kanul","8":"product_tag-medikal-tup","9":"product_tag-saglik-malzemesi","10":"product_tag-silikon-trakeostomi","11":"product_tag-solunum-cihazi","12":"product_tag-tek-kullanimlik-kanul","13":"product_tag-trakeostomi-kanulu","14":"product_tag-trakeostomi-tupu","15":"product_tag-uzun-sureli-solunum","16":"product_tag-ventilasyon-aparati","18":"first","19":"instock","20":"shipping-taxable","21":"product-type-simple"},"_links":{"self":[{"href":"https:\/\/berha.org\/en\/wp-json\/wp\/v2\/product\/7956","targetHints":{"allow":["GET"]}}],"collection":[{"href":"https:\/\/berha.org\/en\/wp-json\/wp\/v2\/product"}],"about":[{"href":"https:\/\/berha.org\/en\/wp-json\/wp\/v2\/types\/product"}],"wp:featuredmedia":[{"embeddable":true,"href":"https:\/\/berha.org\/en\/wp-json\/wp\/v2\/media\/7242"}],"wp:attachment":[{"href":"https:\/\/berha.org\/en\/wp-json\/wp\/v2\/media?parent=7956"}],"wp:term":[{"taxonomy":"product_brand","embeddable":true,"href":"https:\/\/berha.org\/en\/wp-json\/wp\/v2\/product_brand?post=7956"},{"taxonomy":"product_cat","embeddable":true,"href":"https:\/\/berha.org\/en\/wp-json\/wp\/v2\/product_cat?post=7956"},{"taxonomy":"product_tag","embeddable":true,"href":"https:\/\/berha.org\/en\/wp-json\/wp\/v2\/product_tag?post=7956"}],"curies":[{"name":"wp","href":"https:\/\/api.w.org\/{rel}","templated":true}]}}