{"id":7955,"date":"2025-07-20T22:49:17","date_gmt":"2025-07-20T19:49:17","guid":{"rendered":"https:\/\/berha.org\/en\/?post_type=product&#038;p=7955"},"modified":"2025-07-20T22:49:20","modified_gmt":"2025-07-20T19:49:20","slug":"uzatma-line","status":"publish","type":"product","link":"https:\/\/berha.org\/en\/urun\/uzatma-line\/","title":{"rendered":"Uzatma Line"},"content":{"rendered":"<p>Uzatma line, intraven\u00f6z tedavilerde inf\u00fczyon setlerine kolayl\u0131kla eklenen, esnek ve dayan\u0131kl\u0131 medikal ba\u011flant\u0131 hatt\u0131d\u0131r. Luer lock ba\u011flant\u0131s\u0131 sayesinde g\u00fcvenli montaj sa\u011flar. Farkl\u0131 uzunluk se\u00e7enekleri ile kullan\u0131m rahatl\u0131\u011f\u0131 sunar. Steril, tek kullan\u0131ml\u0131kt\u0131r.<\/p>\n","protected":false},"excerpt":{"rendered":"<p>\u0130nf\u00fczyon setlerine ba\u011flanan, fleksible uzatma line.<\/p>\n<p>\u00d6l\u00e7\u00fc:<\/p>\n<p>30 cm, 50 cm, 100 cm uzunluk<\/p>\n<p>Luer lock ba\u011flant\u0131<\/p>\n","protected":false},"featured_media":7241,"template":"","meta":[],"product_brand":[],"product_cat":[1670],"product_tag":[1208,1211,1210,1205,1204,1206,1207,1202,1209,1203],"class_list":{"0":"post-7955","1":"product","2":"type-product","3":"status-publish","4":"has-post-thumbnail","6":"product_cat-genel-sarf","7":"product_tag-damar-yolu-aparati","8":"product_tag-esnek-medikal-hat","9":"product_tag-infuzyon-seti-parcasi","10":"product_tag-infuzyon-uzatma","11":"product_tag-iv-uzatma-hatti","12":"product_tag-luer-lock-line","13":"product_tag-medikal-baglanti","14":"product_tag-saglik-ekipmani","15":"product_tag-tek-kullanimlik-line","16":"product_tag-uzatma-line","18":"first","19":"instock","20":"shipping-taxable","21":"product-type-simple"},"_links":{"self":[{"href":"https:\/\/berha.org\/en\/wp-json\/wp\/v2\/product\/7955","targetHints":{"allow":["GET"]}}],"collection":[{"href":"https:\/\/berha.org\/en\/wp-json\/wp\/v2\/product"}],"about":[{"href":"https:\/\/berha.org\/en\/wp-json\/wp\/v2\/types\/product"}],"wp:featuredmedia":[{"embeddable":true,"href":"https:\/\/berha.org\/en\/wp-json\/wp\/v2\/media\/7241"}],"wp:attachment":[{"href":"https:\/\/berha.org\/en\/wp-json\/wp\/v2\/media?parent=7955"}],"wp:term":[{"taxonomy":"product_brand","embeddable":true,"href":"https:\/\/berha.org\/en\/wp-json\/wp\/v2\/product_brand?post=7955"},{"taxonomy":"product_cat","embeddable":true,"href":"https:\/\/berha.org\/en\/wp-json\/wp\/v2\/product_cat?post=7955"},{"taxonomy":"product_tag","embeddable":true,"href":"https:\/\/berha.org\/en\/wp-json\/wp\/v2\/product_tag?post=7955"}],"curies":[{"name":"wp","href":"https:\/\/api.w.org\/{rel}","templated":true}]}}