{"id":7954,"date":"2025-07-20T22:49:17","date_gmt":"2025-07-20T19:49:17","guid":{"rendered":"https:\/\/berha.org\/en\/?post_type=product&#038;p=7954"},"modified":"2025-07-20T22:49:20","modified_gmt":"2025-07-20T19:49:20","slug":"elastomer-cuffli-endotrakeal-tup","status":"publish","type":"product","link":"https:\/\/berha.org\/en\/urun\/elastomer-cuffli-endotrakeal-tup\/","title":{"rendered":"Elastomer Cuff\u2019l\u0131 Endotrakeal T\u00fcp"},"content":{"rendered":"<p>Elastomer cuff\u2019l\u0131 endotrakeal t\u00fcpler, hava yolunun g\u00fcvenli \u015fekilde a\u00e7\u0131lmas\u0131 ve ventilasyonun sa\u011flanmas\u0131 i\u00e7in kullan\u0131l\u0131r. Elastomer malzemeden \u00fcretilmi\u015f cuff, s\u0131z\u0131nt\u0131y\u0131 engeller ve trakea duvar\u0131na nazik bas\u0131n\u00e7 uygular. \u00c7e\u015fitli \u00e7ap ve uzunluk se\u00e7enekleriyle farkl\u0131 hasta gruplar\u0131na uygundur. Steril, tek kullan\u0131ml\u0131kt\u0131r.<\/p>\n","protected":false},"excerpt":{"rendered":"<p>Elastomer cuff\u2019l\u0131, steril ve yumu\u015fak endotrakeal t\u00fcp.<\/p>\n<p>\u00d6l\u00e7\u00fc:<\/p>\n<p>6.0 mm \u2013 9.0 mm \u00e7ap<\/p>\n<p>22 cm \u2013 32 cm uzunluk<\/p>\n","protected":false},"featured_media":7240,"template":"","meta":[],"product_brand":[],"product_cat":[1670],"product_tag":[1197,1199,1194,1193,1196,1202,1200,1201,1198,1195],"class_list":{"0":"post-7954","1":"product","2":"type-product","3":"status-publish","4":"has-post-thumbnail","6":"product_cat-genel-sarf","7":"product_tag-7-0-mm-endotrakeal","8":"product_tag-anestezi-malzemesi","9":"product_tag-elastomer-cuff","10":"product_tag-endotrakeal-tup","11":"product_tag-intubasyon-tupu","12":"product_tag-saglik-ekipmani","13":"product_tag-solunum-cihazi","14":"product_tag-tek-kullanimlik-tup","15":"product_tag-tibbi-tup","16":"product_tag-ventilasyon-tupu","18":"first","19":"instock","20":"shipping-taxable","21":"product-type-simple"},"_links":{"self":[{"href":"https:\/\/berha.org\/en\/wp-json\/wp\/v2\/product\/7954","targetHints":{"allow":["GET"]}}],"collection":[{"href":"https:\/\/berha.org\/en\/wp-json\/wp\/v2\/product"}],"about":[{"href":"https:\/\/berha.org\/en\/wp-json\/wp\/v2\/types\/product"}],"wp:featuredmedia":[{"embeddable":true,"href":"https:\/\/berha.org\/en\/wp-json\/wp\/v2\/media\/7240"}],"wp:attachment":[{"href":"https:\/\/berha.org\/en\/wp-json\/wp\/v2\/media?parent=7954"}],"wp:term":[{"taxonomy":"product_brand","embeddable":true,"href":"https:\/\/berha.org\/en\/wp-json\/wp\/v2\/product_brand?post=7954"},{"taxonomy":"product_cat","embeddable":true,"href":"https:\/\/berha.org\/en\/wp-json\/wp\/v2\/product_cat?post=7954"},{"taxonomy":"product_tag","embeddable":true,"href":"https:\/\/berha.org\/en\/wp-json\/wp\/v2\/product_tag?post=7954"}],"curies":[{"name":"wp","href":"https:\/\/api.w.org\/{rel}","templated":true}]}}