{"id":7951,"date":"2025-07-20T22:49:08","date_gmt":"2025-07-20T19:49:08","guid":{"rendered":"https:\/\/berha.org\/en\/?post_type=product&#038;p=7951"},"modified":"2025-07-20T22:49:16","modified_gmt":"2025-07-20T19:49:16","slug":"kelebek-set","status":"publish","type":"product","link":"https:\/\/berha.org\/en\/urun\/kelebek-set\/","title":{"rendered":"Kelebek Set"},"content":{"rendered":"<p>Kelebek set, damar yolu a\u00e7\u0131lmas\u0131 ve k\u0131sa s\u00fcreli inf\u00fczyonlar i\u00e7in kullan\u0131lan, kelebek \u015feklindeki kanatlar\u0131 sayesinde kolay sabitlenebilen steril bir \u00fcr\u00fcnd\u00fcr. Renk kodlu i\u011fne u\u00e7lar\u0131 farkl\u0131 \u00f6l\u00e7\u00fclerde sunulur. D\u00fc\u015f\u00fck travmal\u0131 yap\u0131s\u0131yla \u00e7ocuk ve ya\u015fl\u0131 hastalarda idealdir. Esnek hortumu ve kolay ba\u011flant\u0131s\u0131 ile kullan\u0131m kolayl\u0131\u011f\u0131 sa\u011flar.<\/p>\n","protected":false},"excerpt":{"rendered":"<p>Kan alma ve damar i\u00e7i enjeksiyonlar i\u00e7in steril kelebek i\u011fne seti.<\/p>\n<p>\u00d6l\u00e7\u00fc:<\/p>\n<p>21G, 23G, 25G<\/p>\n<p>30 cm \/ 60 cm t\u00fcp uzunlu\u011fu<\/p>\n","protected":false},"featured_media":7238,"template":"","meta":[],"product_brand":[],"product_cat":[1670],"product_tag":[1170,1168,1171,1169,1172,558,1167,1173,1174,1149],"class_list":{"0":"post-7951","1":"product","2":"type-product","3":"status-publish","4":"has-post-thumbnail","6":"product_cat-genel-sarf","7":"product_tag-23g-kelebek-igne","8":"product_tag-butterfly-set","9":"product_tag-cocuk-ignesi","10":"product_tag-damar-yolu-ignesi","11":"product_tag-intravenoz-kelebek","12":"product_tag-kan-alma-ignesi","13":"product_tag-kelebek-igne","14":"product_tag-kisa-sureli-infuzyon","15":"product_tag-medikal-igne-seti","16":"product_tag-saglik-malzemesi","18":"first","19":"instock","20":"shipping-taxable","21":"product-type-simple"},"_links":{"self":[{"href":"https:\/\/berha.org\/en\/wp-json\/wp\/v2\/product\/7951","targetHints":{"allow":["GET"]}}],"collection":[{"href":"https:\/\/berha.org\/en\/wp-json\/wp\/v2\/product"}],"about":[{"href":"https:\/\/berha.org\/en\/wp-json\/wp\/v2\/types\/product"}],"wp:featuredmedia":[{"embeddable":true,"href":"https:\/\/berha.org\/en\/wp-json\/wp\/v2\/media\/7238"}],"wp:attachment":[{"href":"https:\/\/berha.org\/en\/wp-json\/wp\/v2\/media?parent=7951"}],"wp:term":[{"taxonomy":"product_brand","embeddable":true,"href":"https:\/\/berha.org\/en\/wp-json\/wp\/v2\/product_brand?post=7951"},{"taxonomy":"product_cat","embeddable":true,"href":"https:\/\/berha.org\/en\/wp-json\/wp\/v2\/product_cat?post=7951"},{"taxonomy":"product_tag","embeddable":true,"href":"https:\/\/berha.org\/en\/wp-json\/wp\/v2\/product_tag?post=7951"}],"curies":[{"name":"wp","href":"https:\/\/api.w.org\/{rel}","templated":true}]}}