{"id":7950,"date":"2025-07-20T22:49:07","date_gmt":"2025-07-20T19:49:07","guid":{"rendered":"https:\/\/berha.org\/en\/?post_type=product&#038;p=7950"},"modified":"2025-07-20T22:49:16","modified_gmt":"2025-07-20T19:49:16","slug":"serum-seti","status":"publish","type":"product","link":"https:\/\/berha.org\/en\/urun\/serum-seti\/","title":{"rendered":"Serum Seti"},"content":{"rendered":"<p>Serum seti; damar yoluyla s\u0131v\u0131 tedavi ve ila\u00e7 uygulamalar\u0131 i\u00e7in kullan\u0131lan temel medikal ekipmand\u0131r. Esnek ve dayan\u0131kl\u0131 PVC t\u00fcpten \u00fcretilmi\u015ftir. Hava filtresi, damla odas\u0131 ve ak\u0131\u015f kontrol\u00fc sa\u011flayan roller klemp ile donat\u0131lm\u0131\u015ft\u0131r. Luer lock veya standart u\u00e7 se\u00e7enekleriyle sunulur. Steril, tek kullan\u0131ml\u0131kt\u0131r ve enfeksiyon riskini en aza indirir.<\/p>\n","protected":false},"excerpt":{"rendered":"<p>\u0130ntraven\u00f6z s\u0131v\u0131 tedavileri i\u00e7in kullan\u0131lan steril serum seti.<\/p>\n<p>\u00d6l\u00e7\u00fc:<\/p>\n<p>150 cm \/ 180 cm<\/p>\n<p>Damla odas\u0131, hava filtresi, roller klemp<\/p>\n","protected":false},"featured_media":7237,"template":"","meta":[],"product_brand":[],"product_cat":[1670],"product_tag":[1162,1165,1163,596,1164,598,572,594,1161,1166],"class_list":{"0":"post-7950","1":"product","2":"type-product","3":"status-publish","4":"has-post-thumbnail","6":"product_cat-genel-sarf","7":"product_tag-damla-odasi-serum","8":"product_tag-hava-filtreli-serum-seti","9":"product_tag-intravenoz-set","10":"product_tag-iv-set","11":"product_tag-luer-lock-serum","12":"product_tag-medikal-serum-seti","13":"product_tag-saglik-sarf-malzemesi","14":"product_tag-serum-seti","15":"product_tag-sivi-tedavi-seti","16":"product_tag-tibbi-sivi-uygulama-seti","18":"first","19":"instock","20":"shipping-taxable","21":"product-type-simple"},"_links":{"self":[{"href":"https:\/\/berha.org\/en\/wp-json\/wp\/v2\/product\/7950","targetHints":{"allow":["GET"]}}],"collection":[{"href":"https:\/\/berha.org\/en\/wp-json\/wp\/v2\/product"}],"about":[{"href":"https:\/\/berha.org\/en\/wp-json\/wp\/v2\/types\/product"}],"wp:featuredmedia":[{"embeddable":true,"href":"https:\/\/berha.org\/en\/wp-json\/wp\/v2\/media\/7237"}],"wp:attachment":[{"href":"https:\/\/berha.org\/en\/wp-json\/wp\/v2\/media?parent=7950"}],"wp:term":[{"taxonomy":"product_brand","embeddable":true,"href":"https:\/\/berha.org\/en\/wp-json\/wp\/v2\/product_brand?post=7950"},{"taxonomy":"product_cat","embeddable":true,"href":"https:\/\/berha.org\/en\/wp-json\/wp\/v2\/product_cat?post=7950"},{"taxonomy":"product_tag","embeddable":true,"href":"https:\/\/berha.org\/en\/wp-json\/wp\/v2\/product_tag?post=7950"}],"curies":[{"name":"wp","href":"https:\/\/api.w.org\/{rel}","templated":true}]}}