{"id":7949,"date":"2025-07-20T22:49:07","date_gmt":"2025-07-20T19:49:07","guid":{"rendered":"https:\/\/berha.org\/en\/?post_type=product&#038;p=7949"},"modified":"2025-07-20T22:49:15","modified_gmt":"2025-07-20T19:49:15","slug":"kan-verme-ve-transfuzyon","status":"publish","type":"product","link":"https:\/\/berha.org\/en\/urun\/kan-verme-ve-transfuzyon\/","title":{"rendered":"Kan Verme ve Transf\u00fczyon"},"content":{"rendered":"<p>Kan verme ve transf\u00fczyon seti; kan\u0131n damar yoluyla hastaya verilmesini sa\u011flamak amac\u0131yla kullan\u0131lan, steril ve tek kullan\u0131ml\u0131k bir \u00fcr\u00fcnd\u00fcr. Esnek PVC malzemeden \u00fcretilmi\u015ftir. 200 mikron filtreli damla odas\u0131 sayesinde p\u0131ht\u0131 ve partik\u00fcl ge\u00e7i\u015fini engeller. Luer lock ba\u011flant\u0131l\u0131 veya standart se\u00e7enekleri mevcuttur. Damar i\u00e7i g\u00fcvenli kan uygulamalar\u0131 i\u00e7in idealdir.<\/p>\n","protected":false},"excerpt":{"rendered":"<p>Steril, tek kullan\u0131ml\u0131k kan verme ve transf\u00fczyon seti.<\/p>\n<p>\u00d6l\u00e7\u00fc:<\/p>\n<p>180 cm uzunluk<\/p>\n<p>Spike, damla odas\u0131, filtrasyon filtresi<\/p>\n","protected":false},"featured_media":7218,"template":"","meta":[],"product_brand":[],"product_cat":[1670],"product_tag":[1157,1159,1153,1155,1158,1151,1154,1156,1160,1152],"class_list":{"0":"post-7949","1":"product","2":"type-product","3":"status-publish","4":"has-post-thumbnail","6":"product_cat-genel-sarf","7":"product_tag-hastane-malzemesi","8":"product_tag-intravenoz-kan-aktarimi","9":"product_tag-kan-aktarim-seti","10":"product_tag-kan-seti-filtreli","11":"product_tag-kan-torbasi-seti","12":"product_tag-kan-verme-seti","13":"product_tag-luer-lock-kan-seti","14":"product_tag-medikal-kan-ekipmani","15":"product_tag-steril-medikal-set","16":"product_tag-transfuzyon-seti","18":"first","19":"instock","20":"shipping-taxable","21":"product-type-simple"},"_links":{"self":[{"href":"https:\/\/berha.org\/en\/wp-json\/wp\/v2\/product\/7949","targetHints":{"allow":["GET"]}}],"collection":[{"href":"https:\/\/berha.org\/en\/wp-json\/wp\/v2\/product"}],"about":[{"href":"https:\/\/berha.org\/en\/wp-json\/wp\/v2\/types\/product"}],"wp:featuredmedia":[{"embeddable":true,"href":"https:\/\/berha.org\/en\/wp-json\/wp\/v2\/media\/7218"}],"wp:attachment":[{"href":"https:\/\/berha.org\/en\/wp-json\/wp\/v2\/media?parent=7949"}],"wp:term":[{"taxonomy":"product_brand","embeddable":true,"href":"https:\/\/berha.org\/en\/wp-json\/wp\/v2\/product_brand?post=7949"},{"taxonomy":"product_cat","embeddable":true,"href":"https:\/\/berha.org\/en\/wp-json\/wp\/v2\/product_cat?post=7949"},{"taxonomy":"product_tag","embeddable":true,"href":"https:\/\/berha.org\/en\/wp-json\/wp\/v2\/product_tag?post=7949"}],"curies":[{"name":"wp","href":"https:\/\/api.w.org\/{rel}","templated":true}]}}