{"id":7948,"date":"2025-07-20T22:49:07","date_gmt":"2025-07-20T19:49:07","guid":{"rendered":"https:\/\/berha.org\/en\/?post_type=product&#038;p=7948"},"modified":"2025-07-20T22:49:15","modified_gmt":"2025-07-20T19:49:15","slug":"instopper-enjeksiyon-portu","status":"publish","type":"product","link":"https:\/\/berha.org\/en\/urun\/instopper-enjeksiyon-portu\/","title":{"rendered":"Instopper Enjeksiyon Portu"},"content":{"rendered":"<p>Instopper Enjeksiyon Portu, IV setlere entegre edilerek ila\u00e7 uygulamalar\u0131n\u0131n kolay ve g\u00fcvenli yap\u0131lmas\u0131n\u0131 sa\u011flar. Tek kullan\u0131ml\u0131kt\u0131r ve enfeksiyon riskini azalt\u0131r. Lateksli ve lateks i\u00e7ermeyen versiyonlar\u0131 ile farkl\u0131 hasta ihtiya\u00e7lar\u0131na uygundur. \u015eeffaf yap\u0131s\u0131 sayesinde uygulama esnas\u0131nda g\u00f6zlemleme imk\u00e2n\u0131 sunar.<\/p>\n","protected":false},"excerpt":{"rendered":"<p>\u0130nf\u00fczyon sistemlerine g\u00fcvenli ila\u00e7 uygulamas\u0131 i\u00e7in enjeksiyon portu.<\/p>\n<p>Standart ba\u011flant\u0131<\/p>\n<p>Lateks \/ Lateks i\u00e7ermeyen se\u00e7enekler<\/p>\n","protected":false},"featured_media":7217,"template":"","meta":[],"product_brand":[],"product_cat":[1670],"product_tag":[1141,1144,1147,1142,1150,1143,1145,1146,1149,1148],"class_list":{"0":"post-7948","1":"product","2":"type-product","3":"status-publish","4":"has-post-thumbnail","6":"product_cat-genel-sarf","7":"product_tag-enjeksiyon-portu","8":"product_tag-ilac-enjeksiyon-aparati","9":"product_tag-infuzyon-portu","10":"product_tag-instopper-port","11":"product_tag-intravenoz-uygulama-portu","12":"product_tag-iv-port","13":"product_tag-lateks-icermeyen-port","14":"product_tag-medikal-baglanti-ekipmani","15":"product_tag-saglik-malzemesi","16":"product_tag-tibbi-ekipmanlar","18":"first","19":"instock","20":"shipping-taxable","21":"product-type-simple"},"_links":{"self":[{"href":"https:\/\/berha.org\/en\/wp-json\/wp\/v2\/product\/7948","targetHints":{"allow":["GET"]}}],"collection":[{"href":"https:\/\/berha.org\/en\/wp-json\/wp\/v2\/product"}],"about":[{"href":"https:\/\/berha.org\/en\/wp-json\/wp\/v2\/types\/product"}],"wp:featuredmedia":[{"embeddable":true,"href":"https:\/\/berha.org\/en\/wp-json\/wp\/v2\/media\/7217"}],"wp:attachment":[{"href":"https:\/\/berha.org\/en\/wp-json\/wp\/v2\/media?parent=7948"}],"wp:term":[{"taxonomy":"product_brand","embeddable":true,"href":"https:\/\/berha.org\/en\/wp-json\/wp\/v2\/product_brand?post=7948"},{"taxonomy":"product_cat","embeddable":true,"href":"https:\/\/berha.org\/en\/wp-json\/wp\/v2\/product_cat?post=7948"},{"taxonomy":"product_tag","embeddable":true,"href":"https:\/\/berha.org\/en\/wp-json\/wp\/v2\/product_tag?post=7948"}],"curies":[{"name":"wp","href":"https:\/\/api.w.org\/{rel}","templated":true}]}}