{"id":7947,"date":"2025-07-20T22:49:07","date_gmt":"2025-07-20T19:49:07","guid":{"rendered":"https:\/\/berha.org\/en\/?post_type=product&#038;p=7947"},"modified":"2025-07-20T22:49:15","modified_gmt":"2025-07-20T19:49:15","slug":"kan-torbasi","status":"publish","type":"product","link":"https:\/\/berha.org\/en\/urun\/kan-torbasi\/","title":{"rendered":"Kan Torbas\u0131"},"content":{"rendered":"<p>Kan torbalar\u0131, kan ba\u011f\u0131\u015f\u0131 s\u0131ras\u0131nda kan\u0131n steril bir \u015fekilde toplanmas\u0131, saklanmas\u0131 ve gerekti\u011finde transfer edilmesi i\u00e7in kullan\u0131lan medikal \u00fcr\u00fcnlerdir. PVC materyalden \u00fcretilmi\u015f olup steril ko\u015fullarda paketlenmi\u015ftir. Kullan\u0131m\u0131 kolay, s\u0131zd\u0131rmaz ve pratik bir \u00e7\u00f6z\u00fcmd\u00fcr. Farkl\u0131 hacim se\u00e7enekleri ile kullan\u0131m amac\u0131na g\u00f6re ideal se\u00e7enek sunar.<\/p>\n","protected":false},"excerpt":{"rendered":"<p>Steril ve g\u00fcvenli kan toplama ve transferi i\u00e7in kullan\u0131lan tek kullan\u0131ml\u0131k kan torbas\u0131.<\/p>\n<p>\u00d6l\u00e7\u00fc:<\/p>\n<p>250 mL<\/p>\n<p>350 mL<\/p>\n<p>450 mL<\/p>\n<p>500 mL<\/p>\n","protected":false},"featured_media":7216,"template":"","meta":[],"product_brand":[],"product_cat":[1670],"product_tag":[1137,1139,1138,1135,1133,1140,444,503,1134,1136],"class_list":{"0":"post-7947","1":"product","2":"type-product","3":"status-publish","4":"has-post-thumbnail","6":"product_cat-genel-sarf","7":"product_tag-450-ml-kan-torbasi","8":"product_tag-kan-bankasi-malzemesi","9":"product_tag-kan-saklama-torbasi","10":"product_tag-kan-toplama-torbasi","11":"product_tag-kan-torbasi","12":"product_tag-kan-unitesi-ekipmani","13":"product_tag-medikal-torba","14":"product_tag-saglik-urunleri","15":"product_tag-steril-kan-torbasi","16":"product_tag-transfuzyon-torbasi","18":"first","19":"instock","20":"shipping-taxable","21":"product-type-simple"},"_links":{"self":[{"href":"https:\/\/berha.org\/en\/wp-json\/wp\/v2\/product\/7947","targetHints":{"allow":["GET"]}}],"collection":[{"href":"https:\/\/berha.org\/en\/wp-json\/wp\/v2\/product"}],"about":[{"href":"https:\/\/berha.org\/en\/wp-json\/wp\/v2\/types\/product"}],"wp:featuredmedia":[{"embeddable":true,"href":"https:\/\/berha.org\/en\/wp-json\/wp\/v2\/media\/7216"}],"wp:attachment":[{"href":"https:\/\/berha.org\/en\/wp-json\/wp\/v2\/media?parent=7947"}],"wp:term":[{"taxonomy":"product_brand","embeddable":true,"href":"https:\/\/berha.org\/en\/wp-json\/wp\/v2\/product_brand?post=7947"},{"taxonomy":"product_cat","embeddable":true,"href":"https:\/\/berha.org\/en\/wp-json\/wp\/v2\/product_cat?post=7947"},{"taxonomy":"product_tag","embeddable":true,"href":"https:\/\/berha.org\/en\/wp-json\/wp\/v2\/product_tag?post=7947"}],"curies":[{"name":"wp","href":"https:\/\/api.w.org\/{rel}","templated":true}]}}