{"id":7945,"date":"2025-07-20T22:49:07","date_gmt":"2025-07-20T19:49:07","guid":{"rendered":"https:\/\/berha.org\/en\/?post_type=product&#038;p=7945"},"modified":"2025-07-20T22:49:14","modified_gmt":"2025-07-20T19:49:14","slug":"isik-korumali-tpn-torbasi-500-ml","status":"publish","type":"product","link":"https:\/\/berha.org\/en\/urun\/isik-korumali-tpn-torbasi-500-ml\/","title":{"rendered":"I\u015f\u0131k Korumal\u0131 TPN Torbas\u0131 (500 mL)"},"content":{"rendered":"<p>I\u015f\u0131k Korumal\u0131 TPN Torbas\u0131, parenteral beslenme sol\u00fcsyonlar\u0131n\u0131n UV \u0131\u015f\u0131\u011f\u0131na maruz kalmadan g\u00fcvenle verilmesini sa\u011flayan \u00f6zel tasar\u0131ml\u0131 medikal bir \u00fcr\u00fcnd\u00fcr. Opak yap\u0131s\u0131 sayesinde \u0131\u015f\u0131\u011fa duyarl\u0131 ila\u00e7lar\u0131n kimyasal stabilitesini korur. 500 mL hacimli bu torba, steril ve tek kullan\u0131ml\u0131kt\u0131r. Ayr\u0131ca PVC i\u00e7ermeyen yap\u0131s\u0131 ile hem hasta sa\u011fl\u0131\u011f\u0131n\u0131 hem de \u00e7evreyi korur.<\/p>\n","protected":false},"excerpt":{"rendered":"<p>I\u015f\u0131k ge\u00e7irmez TPN inf\u00fczyon torbas\u0131<\/p>\n<p>Steril ve PVC i\u00e7ermeyen yap\u0131<\/p>\n<p>\u2013 500 mL kapasite<\/p>\n","protected":false},"featured_media":7215,"template":"","meta":[],"product_brand":[],"product_cat":[1670],"product_tag":[1123,1121,444,1122,1124,1120],"class_list":{"0":"post-7945","1":"product","2":"type-product","3":"status-publish","4":"has-post-thumbnail","6":"product_cat-genel-sarf","7":"product_tag-500-ml-tpn-torbasi","8":"product_tag-isik-korumali-torba","9":"product_tag-medikal-torba","10":"product_tag-parenteral-beslenme","11":"product_tag-steril-infuzyon-torbasi","12":"product_tag-tpn-torbasi","14":"first","15":"instock","16":"shipping-taxable","17":"product-type-simple"},"_links":{"self":[{"href":"https:\/\/berha.org\/en\/wp-json\/wp\/v2\/product\/7945","targetHints":{"allow":["GET"]}}],"collection":[{"href":"https:\/\/berha.org\/en\/wp-json\/wp\/v2\/product"}],"about":[{"href":"https:\/\/berha.org\/en\/wp-json\/wp\/v2\/types\/product"}],"wp:featuredmedia":[{"embeddable":true,"href":"https:\/\/berha.org\/en\/wp-json\/wp\/v2\/media\/7215"}],"wp:attachment":[{"href":"https:\/\/berha.org\/en\/wp-json\/wp\/v2\/media?parent=7945"}],"wp:term":[{"taxonomy":"product_brand","embeddable":true,"href":"https:\/\/berha.org\/en\/wp-json\/wp\/v2\/product_brand?post=7945"},{"taxonomy":"product_cat","embeddable":true,"href":"https:\/\/berha.org\/en\/wp-json\/wp\/v2\/product_cat?post=7945"},{"taxonomy":"product_tag","embeddable":true,"href":"https:\/\/berha.org\/en\/wp-json\/wp\/v2\/product_tag?post=7945"}],"curies":[{"name":"wp","href":"https:\/\/api.w.org\/{rel}","templated":true}]}}